{"id":29,"date":"2020-04-27T15:43:52","date_gmt":"2020-04-27T13:43:52","guid":{"rendered":"https:\/\/sctf-events.de\/virtualrun\/?page_id=29"},"modified":"2021-01-13T13:58:25","modified_gmt":"2021-01-13T12:58:25","slug":"infos","status":"publish","type":"page","link":"https:\/\/sctf-events.de\/lauf-der-guten-vorsaetze\/infos\/","title":{"rendered":"Infos"},"content":{"rendered":"<p><div class=\"fusion-fullwidth fullwidth-box fusion-builder-row-1 fusion-flex-container nonhundred-percent-fullwidth non-hundred-percent-height-scrolling nobackgroundcolor\" style=\"--awb-border-radius-top-left:0px;--awb-border-radius-top-right:0px;--awb-border-radius-bottom-right:0px;--awb-border-radius-bottom-left:0px;--awb-flex-wrap:wrap;\" ><div class=\"fusion-builder-row fusion-row fusion-flex-align-items-flex-start fusion-flex-content-wrap\" style=\"max-width:1144px;margin-left: calc(-4% \/ 2 );margin-right: calc(-4% \/ 2 );\"><div class=\"fusion-layout-column fusion_builder_column fusion-builder-column-0 fusion_builder_column_3_4 3_4 fusion-flex-column nobackgroundcolor\" style=\"--awb-bg-color:rgba(255,255,255,0);--awb-bg-color-hover:rgba(255,255,255,0);--awb-bg-size:cover;--awb-width-large:75%;--awb-margin-top-large:0px;--awb-spacing-right-large:2.56%;--awb-margin-bottom-large:20px;--awb-spacing-left-large:2.56%;--awb-width-medium:100%;--awb-order-medium:0;--awb-spacing-right-medium:1.92%;--awb-spacing-left-medium:1.92%;--awb-width-small:100%;--awb-order-small:0;--awb-spacing-right-small:1.92%;--awb-spacing-left-small:1.92%;\"><div class=\"fusion-column-wrapper fusion-column-has-shadow fusion-flex-justify-content-flex-start fusion-content-layout-column\"><div style=\"text-align:center;\"><a class=\"fusion-button button-flat fusion-button-default-size button-default fusion-button-default button-1 fusion-button-default-span fusion-button-default-type\" target=\"_self\" href=\"https:\/\/sctf-events.de\/lauf-der-guten-vorsaetze\/anmeldung\/\"><span class=\"fusion-button-text awb-button__text awb-button__text--default\">Jetzt Anmelden!<\/span><\/a><\/div><\/div><\/div><\/div><\/div>\n<div class=\"fusion-fullwidth fullwidth-box fusion-builder-row-2 nonhundred-percent-fullwidth non-hundred-percent-height-scrolling\" style=\"--awb-border-radius-top-left:0px;--awb-border-radius-top-right:0px;--awb-border-radius-bottom-right:0px;--awb-border-radius-bottom-left:0px;--awb-flex-wrap:wrap;\" ><div class=\"fusion-builder-row fusion-row\"><div class=\"fusion-layout-column fusion_builder_column fusion-builder-column-1 fusion_builder_column_3_4 3_4 fusion-three-fourth fusion-column-first\" style=\"--awb-bg-size:cover;width:75%;width:calc(75% - ( ( 4% ) * 0.75 ) );margin-right: 4%;\"><div class=\"fusion-column-wrapper fusion-column-has-shadow fusion-flex-column-wrapper-legacy\"><div class=\"fusion-sep-clear\"><\/div><div class=\"fusion-separator fusion-full-width-sep nobackgroundcolor\" style=\"margin-left: auto;margin-right: auto;margin-top:10px;width:100%;\"><\/div><div class=\"fusion-sep-clear\"><\/div><div class=\"fusion-text fusion-text-1\"><p>Der <strong>Lauf der guten Vors\u00e4tze<\/strong> richtet sich an alle, die gesund und fit bleiben wollen. Dabei ist es egal, ob du ein Neueinsteiger oder bereits ein erfahrener L\u00e4ufer bist. F\u00fcr jeden ist etwas dabei! Mit diesem virtuellen Lauf m\u00f6chten wir dir helfen deine Motivation aufrechtzuerhalten.<\/p>\n<p><strong>Du kannst den Lauf jederzeit und \u00fcberall absolvieren.<\/strong><br \/>\n<br class=\"\u201cclear\u201d\" \/><strong>Und so funktionierts:\u00a0<\/strong><\/p>\n<ol>\n<li><strong>Definier dein Ziel:<\/strong> W\u00e4hle das f\u00fcr dich passende Level aus.<\/li>\n<li><strong>Anmeldung:<\/strong> Melde dich \u00fcber den Anmeldebutton an.<\/li>\n<li><strong>Deine Startnummer:<\/strong> Du bekommst eine Anmeldebest\u00e4tigung inklusive deiner pers\u00f6nlichen Startnummer und einem Link zum Eintragen deiner Laufzeit. Wir w\u00fcrden uns freuen, wenn du die Startnummer ausdruckst und dein Lauferlebnis mit uns teilst. Entweder per E-Mail an support[\u00e4t]sctf-events[.]de oder auf einem Social-Media Kanal deiner Wahl (@sctfevents)!<\/li>\n<li><strong>Der Lauf:<\/strong> Laufe deine 3 Distanzen. Damit du ausreichend Regeneration hast, kannst du die Zeit deiner zweiten Laufdistanz fr\u00fchestens 10 Tage nach deiner Anmeldung eintragen. 10 weitere Tage sp\u00e4ter, also ab insgesamt 20 Tagen nach deiner Anmeldung kannst du deine Laufzeit der dritten Distanz eintragen. Solltest du mehr Zeit zwischen den Laufdistanzen ben\u00f6tigen, ist das auch kein Problem! Hauptsache du absolvierst alle drei Laufdistanzen.<\/li>\n<li><strong>Nach dem Lauf:<\/strong> Nach dem Eintragen des dritten Laufes werden wir dein Finisherpaket verschicken. Das Finisherpaket enth\u00e4lt ein Multifunktionstuch, sowie deine Medaille. Die Finisherurkunde werden wir digital zur Verf\u00fcgung stellen.<\/li>\n<li>Bleib dran! Wir hoffen dass wir dir mit diesem Lauf einen Ansto\u00df geben konnten an deinen guten Vors\u00e4tzen festzuhalten und dass du weiterhin sportlich aktiv bleibst!<\/li>\n<\/ol>\n<p><br class=\"\u201cclear\u201d\" \/><strong>Wettbewerbe und Streckenl\u00e4ngen:\u00a0<\/strong><\/p>\n<ul>\n<li><strong>Starter:<\/strong> 1 km &#8211; 2 km &#8211; 3 km<\/li>\n<li><strong>Level 2:<\/strong> 3 km &#8211; 4 km &#8211; 5 km<\/li>\n<li><strong>Level 3:<\/strong> 5 km &#8211; 6,5 km &#8211; 8 km<\/li>\n<li><strong>Level 4:<\/strong> 5 km &#8211; 7,5 km &#8211; 10 km<\/li>\n<li><strong>Level 5:<\/strong> 7,5 km &#8211; 10 km &#8211; 12,5 km<\/li>\n<li><strong>Level 6:<\/strong> 10 km &#8211; 12,5 km &#8211; 15 km<\/li>\n<li><strong>Level 7:<\/strong> 10 km &#8211; 15 km &#8211; 20 km<\/li>\n<\/ul>\n<p><br class=\"\u201cclear\u201d\" \/>Wir bieten dir das Rundum-Sorglos-Paket! Dies beinhaltet:<\/p>\n<ul>\n<li>Startnummer (digital)<\/li>\n<li>Finishermedaille<\/li>\n<li>Multifunktionstuch<\/li>\n<li>personalisierte Urkunde (digital)<\/li>\n<\/ul>\n<p><strong>Startgeld: 24,95 \u20ac (Davon wird 1 \u20ac an das Kinderhospiz Sonnenhof der <a href=\"https:\/\/bjoern-schulz-stiftung.de\/\" target=\"_blank\" rel=\"noopener\">Bj\u00f6rn-Schulz-Stiftung<\/a> gespendet!)<\/strong><\/p>\n<p><strong>Die maximale Teilnehmerzahl ist auf 300 begrenzt!<\/strong><\/p>\n<\/div><div class=\"fusion-builder-row fusion-builder-row-inner fusion-row\"><div class=\"fusion-layout-column fusion_builder_column_inner fusion-builder-nested-column-0 fusion_builder_column_inner_1_1 1_1 fusion-one-full fusion-column-first fusion-column-last nobackgroundcolor\" style=\"--awb-bg-size:cover;\"><div class=\"fusion-column-wrapper fusion-column-has-shadow fusion-flex-column-wrapper-legacy\"><div class=\"fusion-aligncenter\"><a class=\"fusion-button button-flat fusion-button-default-size button-default fusion-button-default button-2 fusion-button-default-span fusion-button-default-type\" target=\"_self\" href=\"https:\/\/sctf-events.de\/lauf-der-guten-vorsaetze\/anmeldung\/\"><span class=\"fusion-button-text awb-button__text awb-button__text--default\">Jetzt Anmelden!<\/span><\/a><\/div><div class=\"fusion-clearfix\"><\/div><\/div><\/div><\/div><div class=\"fusion-clearfix\"><\/div><\/div><\/div><div class=\"fusion-layout-column fusion_builder_column fusion-builder-column-2 fusion_builder_column_1_4 1_4 fusion-one-fourth fusion-column-last nobackgroundcolor\" style=\"--awb-bg-size:cover;--awb-margin-top:-10px;width:25%;width:calc(25% - ( ( 4% ) * 0.25 ) );\"><div class=\"fusion-column-wrapper fusion-column-has-shadow fusion-flex-column-wrapper-legacy\"><div class=\"fusion-title title fusion-title-1 fusion-title-text fusion-title-size-two\" style=\"--awb-margin-bottom:20px;--awb-margin-top-small:0px;--awb-margin-right-small:0px;--awb-margin-bottom-small:20px;--awb-margin-left-small:0px;\"><h2 class=\"fusion-title-heading title-heading-left fusion-responsive-typography-calculated\" style=\"margin:0;--fontSize:18;--minFontSize:18;line-height:1.5;\">Medaille<\/h2><span class=\"awb-title-spacer\"><\/span><div class=\"title-sep-container\"><div class=\"title-sep sep- sep-solid\" style=\"border-color:#e0dede;\"><\/div><\/div><\/div><div class=\"fusion-image-element in-legacy-container\" style=\"--awb-liftup-border-radius:5px;--awb-caption-title-font-family:var(--h2_typography-font-family);--awb-caption-title-font-weight:var(--h2_typography-font-weight);--awb-caption-title-font-style:var(--h2_typography-font-style);--awb-caption-title-size:var(--h2_typography-font-size);--awb-caption-title-transform:var(--h2_typography-text-transform);--awb-caption-title-line-height:var(--h2_typography-line-height);--awb-caption-title-letter-spacing:var(--h2_typography-letter-spacing);\"><div class=\"awb-image-frame awb-image-frame-1 imageframe-liftup imageframe-1\"><span class=\" fusion-imageframe imageframe-none imageframe-1\" style=\"border-radius:5px;\"><a href=\"https:\/\/sctf-events.de\/lauf-der-guten-vorsaetze\/wp-content\/uploads\/2021\/01\/LDGV-Medaille-final-ohne-Hintergrund.png\" class=\"fusion-lightbox\" data-rel=\"iLightbox[6910d6970c537514814]\" data-title=\"LDGV &#8211; Medaille final &#8211; ohne Hintergrund\" title=\"LDGV &#8211; Medaille final &#8211; ohne Hintergrund\"><img decoding=\"async\" width=\"609\" height=\"631\" src=\"https:\/\/sctf-events.de\/lauf-der-guten-vorsaetze\/wp-content\/uploads\/2021\/01\/LDGV-Medaille-final-ohne-Hintergrund.png\" alt class=\"img-responsive wp-image-306\" srcset=\"https:\/\/sctf-events.de\/lauf-der-guten-vorsaetze\/wp-content\/uploads\/2021\/01\/LDGV-Medaille-final-ohne-Hintergrund-200x207.png 200w, https:\/\/sctf-events.de\/lauf-der-guten-vorsaetze\/wp-content\/uploads\/2021\/01\/LDGV-Medaille-final-ohne-Hintergrund-400x414.png 400w, https:\/\/sctf-events.de\/lauf-der-guten-vorsaetze\/wp-content\/uploads\/2021\/01\/LDGV-Medaille-final-ohne-Hintergrund-600x622.png 600w, https:\/\/sctf-events.de\/lauf-der-guten-vorsaetze\/wp-content\/uploads\/2021\/01\/LDGV-Medaille-final-ohne-Hintergrund.png 609w\" sizes=\"(max-width: 1100px) 100vw, 400px\" \/><\/a><\/span><\/div><\/div><div class=\"fusion-sep-clear\"><\/div><div class=\"fusion-separator fusion-full-width-sep\" style=\"margin-left: auto;margin-right: auto;margin-top:20px;margin-bottom:20px;width:100%;\"><\/div><div class=\"fusion-sep-clear\"><\/div><div class=\"fusion-title title fusion-title-2 fusion-title-text fusion-title-size-two\" style=\"--awb-margin-bottom:20px;--awb-margin-top-small:0px;--awb-margin-right-small:0px;--awb-margin-bottom-small:20px;--awb-margin-left-small:0px;\"><h2 class=\"fusion-title-heading title-heading-left fusion-responsive-typography-calculated\" style=\"margin:0;--fontSize:18;--minFontSize:18;line-height:1.5;\">Multifunktionstuch<\/h2><span class=\"awb-title-spacer\"><\/span><div class=\"title-sep-container\"><div class=\"title-sep sep- sep-solid\" style=\"border-color:#e0dede;\"><\/div><\/div><\/div><div class=\"fusion-image-element in-legacy-container\" style=\"--awb-liftup-border-radius:5px;--awb-caption-title-font-family:var(--h2_typography-font-family);--awb-caption-title-font-weight:var(--h2_typography-font-weight);--awb-caption-title-font-style:var(--h2_typography-font-style);--awb-caption-title-size:var(--h2_typography-font-size);--awb-caption-title-transform:var(--h2_typography-text-transform);--awb-caption-title-line-height:var(--h2_typography-line-height);--awb-caption-title-letter-spacing:var(--h2_typography-letter-spacing);\"><div class=\"awb-image-frame awb-image-frame-2 imageframe-liftup imageframe-2\"><span class=\" fusion-imageframe imageframe-none imageframe-2\" style=\"border-radius:5px;\"><a href=\"https:\/\/sctf-events.de\/lauf-der-guten-vorsaetze\/wp-content\/uploads\/2021\/01\/LDGV-Multifunktionstuch-ohne-Hintergrund-1.png\" class=\"fusion-lightbox\" data-rel=\"iLightbox[669e1c80413fa6999da]\" data-title=\"LDGV &#8211; Multifunktionstuch &#8211; ohne Hintergrund\" title=\"LDGV &#8211; Multifunktionstuch &#8211; ohne Hintergrund\"><img decoding=\"async\" width=\"599\" height=\"558\" src=\"https:\/\/sctf-events.de\/lauf-der-guten-vorsaetze\/wp-content\/uploads\/2021\/01\/LDGV-Multifunktionstuch-ohne-Hintergrund-1.png\" alt class=\"img-responsive wp-image-311\" srcset=\"https:\/\/sctf-events.de\/lauf-der-guten-vorsaetze\/wp-content\/uploads\/2021\/01\/LDGV-Multifunktionstuch-ohne-Hintergrund-1-200x186.png 200w, https:\/\/sctf-events.de\/lauf-der-guten-vorsaetze\/wp-content\/uploads\/2021\/01\/LDGV-Multifunktionstuch-ohne-Hintergrund-1-400x373.png 400w, https:\/\/sctf-events.de\/lauf-der-guten-vorsaetze\/wp-content\/uploads\/2021\/01\/LDGV-Multifunktionstuch-ohne-Hintergrund-1.png 599w\" sizes=\"(max-width: 1100px) 100vw, 400px\" \/><\/a><\/span><\/div><\/div><div class=\"fusion-sep-clear\"><\/div><div class=\"fusion-separator fusion-full-width-sep\" style=\"margin-left: auto;margin-right: auto;margin-top:20px;margin-bottom:20px;width:100%;\"><\/div><div class=\"fusion-sep-clear\"><\/div><div class=\"fusion-title title fusion-title-3 fusion-title-text fusion-title-size-two\" style=\"--awb-margin-bottom:20px;--awb-margin-top-small:0px;--awb-margin-right-small:0px;--awb-margin-bottom-small:20px;--awb-margin-left-small:0px;\"><h2 class=\"fusion-title-heading title-heading-left fusion-responsive-typography-calculated\" style=\"margin:0;--fontSize:18;--minFontSize:18;line-height:1.5;\">Startnummer<\/h2><span class=\"awb-title-spacer\"><\/span><div class=\"title-sep-container\"><div class=\"title-sep sep- sep-solid\" style=\"border-color:#e0dede;\"><\/div><\/div><\/div><div class=\"fusion-image-element in-legacy-container\" style=\"--awb-liftup-border-radius:5px;--awb-caption-title-font-family:var(--h2_typography-font-family);--awb-caption-title-font-weight:var(--h2_typography-font-weight);--awb-caption-title-font-style:var(--h2_typography-font-style);--awb-caption-title-size:var(--h2_typography-font-size);--awb-caption-title-transform:var(--h2_typography-text-transform);--awb-caption-title-line-height:var(--h2_typography-line-height);--awb-caption-title-letter-spacing:var(--h2_typography-letter-spacing);\"><div class=\"awb-image-frame awb-image-frame-3 imageframe-liftup imageframe-3\"><span class=\" fusion-imageframe imageframe-none imageframe-3\" style=\"border-radius:5px;\"><a href=\"https:\/\/sctf-events.de\/lauf-der-guten-vorsaetze\/wp-content\/uploads\/2021\/01\/LDGV-Startnummer-1-600x426.png\" class=\"fusion-lightbox\" data-rel=\"iLightbox[75618beecf9e45915b6]\" data-title=\"LDGV &#8211; Startnummer\" title=\"LDGV &#8211; Startnummer\"><img decoding=\"async\" width=\"600\" height=\"426\" src=\"https:\/\/sctf-events.de\/lauf-der-guten-vorsaetze\/wp-content\/uploads\/2021\/01\/LDGV-Startnummer-1-600x426.png\" alt class=\"img-responsive wp-image-185\" srcset=\"https:\/\/sctf-events.de\/lauf-der-guten-vorsaetze\/wp-content\/uploads\/2021\/01\/LDGV-Startnummer-1-200x142.png 200w, https:\/\/sctf-events.de\/lauf-der-guten-vorsaetze\/wp-content\/uploads\/2021\/01\/LDGV-Startnummer-1-400x284.png 400w, https:\/\/sctf-events.de\/lauf-der-guten-vorsaetze\/wp-content\/uploads\/2021\/01\/LDGV-Startnummer-1-600x426.png 600w, https:\/\/sctf-events.de\/lauf-der-guten-vorsaetze\/wp-content\/uploads\/2021\/01\/LDGV-Startnummer-1.png 781w\" sizes=\"(max-width: 1100px) 100vw, 400px\" \/><\/a><\/span><\/div><\/div><div class=\"fusion-sep-clear\"><\/div><div class=\"fusion-separator fusion-full-width-sep\" style=\"margin-left: auto;margin-right: auto;margin-top:20px;margin-bottom:20px;width:100%;\"><\/div><div class=\"fusion-sep-clear\"><\/div><div class=\"fusion-title title fusion-title-4 fusion-title-text fusion-title-size-two\" style=\"--awb-margin-bottom:20px;--awb-margin-top-small:0px;--awb-margin-right-small:0px;--awb-margin-bottom-small:20px;--awb-margin-left-small:0px;\"><h2 class=\"fusion-title-heading title-heading-left fusion-responsive-typography-calculated\" style=\"margin:0;--fontSize:18;--minFontSize:18;line-height:1.5;\">Urkunde<\/h2><span class=\"awb-title-spacer\"><\/span><div class=\"title-sep-container\"><div class=\"title-sep sep- sep-solid\" style=\"border-color:#e0dede;\"><\/div><\/div><\/div><div class=\"fusion-image-element in-legacy-container\" style=\"--awb-liftup-border-radius:5px;--awb-caption-title-font-family:var(--h2_typography-font-family);--awb-caption-title-font-weight:var(--h2_typography-font-weight);--awb-caption-title-font-style:var(--h2_typography-font-style);--awb-caption-title-size:var(--h2_typography-font-size);--awb-caption-title-transform:var(--h2_typography-text-transform);--awb-caption-title-line-height:var(--h2_typography-line-height);--awb-caption-title-letter-spacing:var(--h2_typography-letter-spacing);\"><div class=\"awb-image-frame awb-image-frame-4 imageframe-liftup imageframe-4\"><span class=\" fusion-imageframe imageframe-none imageframe-4\" style=\"border-radius:5px;\"><a href=\"https:\/\/sctf-events.de\/lauf-der-guten-vorsaetze\/wp-content\/uploads\/2021\/01\/LDGV-Urkunde-beispiel-1.png\" class=\"fusion-lightbox\" data-rel=\"iLightbox[6bddffd6ad1f4a9b655]\" data-title=\"LDGV &#8211; Urkunde beispiel\" title=\"LDGV &#8211; Urkunde beispiel\"><img decoding=\"async\" width=\"596\" height=\"833\" src=\"https:\/\/sctf-events.de\/lauf-der-guten-vorsaetze\/wp-content\/uploads\/2021\/01\/LDGV-Urkunde-beispiel-1.png\" alt class=\"img-responsive wp-image-186\" srcset=\"https:\/\/sctf-events.de\/lauf-der-guten-vorsaetze\/wp-content\/uploads\/2021\/01\/LDGV-Urkunde-beispiel-1-200x280.png 200w, https:\/\/sctf-events.de\/lauf-der-guten-vorsaetze\/wp-content\/uploads\/2021\/01\/LDGV-Urkunde-beispiel-1-400x559.png 400w, https:\/\/sctf-events.de\/lauf-der-guten-vorsaetze\/wp-content\/uploads\/2021\/01\/LDGV-Urkunde-beispiel-1.png 596w\" sizes=\"(max-width: 1100px) 100vw, 400px\" \/><\/a><\/span><\/div><\/div><div class=\"fusion-clearfix\"><\/div><\/div><\/div><\/div><\/div><\/p>\n","protected":false},"excerpt":{"rendered":"","protected":false},"author":8,"featured_media":0,"parent":0,"menu_order":0,"comment_status":"closed","ping_status":"closed","template":"","meta":{"footnotes":""},"class_list":["post-29","page","type-page","status-publish","hentry"],"yoast_head":"<!-- This site is optimized with the Yoast SEO plugin v27.3 - https:\/\/yoast.com\/product\/yoast-seo-wordpress\/ -->\n<title>Infos - Lauf der guten Vors\u00e4tze<\/title>\n<meta name=\"robots\" content=\"index, follow, max-snippet:-1, max-image-preview:large, max-video-preview:-1\" \/>\n<link rel=\"canonical\" href=\"https:\/\/sctf-events.de\/lauf-der-guten-vorsaetze\/infos\/\" \/>\n<meta property=\"og:locale\" content=\"de_DE\" \/>\n<meta property=\"og:type\" content=\"article\" \/>\n<meta property=\"og:title\" content=\"Infos - Lauf der guten Vors\u00e4tze\" \/>\n<meta property=\"og:url\" content=\"https:\/\/sctf-events.de\/lauf-der-guten-vorsaetze\/infos\/\" \/>\n<meta property=\"og:site_name\" content=\"Lauf der guten Vors\u00e4tze\" \/>\n<meta property=\"article:modified_time\" content=\"2021-01-13T12:58:25+00:00\" \/>\n<meta name=\"twitter:card\" content=\"summary_large_image\" \/>\n<meta name=\"twitter:label1\" content=\"Gesch\u00e4tzte Lesezeit\" \/>\n\t<meta name=\"twitter:data1\" content=\"14\u00a0Minuten\" \/>\n<script type=\"application\/ld+json\" class=\"yoast-schema-graph\">{\"@context\":\"https:\\\/\\\/schema.org\",\"@graph\":[{\"@type\":\"WebPage\",\"@id\":\"https:\\\/\\\/sctf-events.de\\\/lauf-der-guten-vorsaetze\\\/infos\\\/\",\"url\":\"https:\\\/\\\/sctf-events.de\\\/lauf-der-guten-vorsaetze\\\/infos\\\/\",\"name\":\"Infos - Lauf der guten Vors\u00e4tze\",\"isPartOf\":{\"@id\":\"https:\\\/\\\/sctf-events.de\\\/lauf-der-guten-vorsaetze\\\/#website\"},\"datePublished\":\"2020-04-27T13:43:52+00:00\",\"dateModified\":\"2021-01-13T12:58:25+00:00\",\"breadcrumb\":{\"@id\":\"https:\\\/\\\/sctf-events.de\\\/lauf-der-guten-vorsaetze\\\/infos\\\/#breadcrumb\"},\"inLanguage\":\"de\",\"potentialAction\":[{\"@type\":\"ReadAction\",\"target\":[\"https:\\\/\\\/sctf-events.de\\\/lauf-der-guten-vorsaetze\\\/infos\\\/\"]}]},{\"@type\":\"BreadcrumbList\",\"@id\":\"https:\\\/\\\/sctf-events.de\\\/lauf-der-guten-vorsaetze\\\/infos\\\/#breadcrumb\",\"itemListElement\":[{\"@type\":\"ListItem\",\"position\":1,\"name\":\"Startseite\",\"item\":\"https:\\\/\\\/sctf-events.de\\\/lauf-der-guten-vorsaetze\\\/\"},{\"@type\":\"ListItem\",\"position\":2,\"name\":\"Infos\"}]},{\"@type\":\"WebSite\",\"@id\":\"https:\\\/\\\/sctf-events.de\\\/lauf-der-guten-vorsaetze\\\/#website\",\"url\":\"https:\\\/\\\/sctf-events.de\\\/lauf-der-guten-vorsaetze\\\/\",\"name\":\"Lauf der guten Vors\u00e4tze\",\"description\":\"Der virtuelle Lauf zum Jahresanfang\",\"potentialAction\":[{\"@type\":\"SearchAction\",\"target\":{\"@type\":\"EntryPoint\",\"urlTemplate\":\"https:\\\/\\\/sctf-events.de\\\/lauf-der-guten-vorsaetze\\\/?s={search_term_string}\"},\"query-input\":{\"@type\":\"PropertyValueSpecification\",\"valueRequired\":true,\"valueName\":\"search_term_string\"}}],\"inLanguage\":\"de\"}]}<\/script>\n<!-- \/ Yoast SEO plugin. -->","yoast_head_json":{"title":"Infos - Lauf der guten Vors\u00e4tze","robots":{"index":"index","follow":"follow","max-snippet":"max-snippet:-1","max-image-preview":"max-image-preview:large","max-video-preview":"max-video-preview:-1"},"canonical":"https:\/\/sctf-events.de\/lauf-der-guten-vorsaetze\/infos\/","og_locale":"de_DE","og_type":"article","og_title":"Infos - Lauf der guten Vors\u00e4tze","og_url":"https:\/\/sctf-events.de\/lauf-der-guten-vorsaetze\/infos\/","og_site_name":"Lauf der guten Vors\u00e4tze","article_modified_time":"2021-01-13T12:58:25+00:00","twitter_card":"summary_large_image","twitter_misc":{"Gesch\u00e4tzte Lesezeit":"14\u00a0Minuten"},"schema":{"@context":"https:\/\/schema.org","@graph":[{"@type":"WebPage","@id":"https:\/\/sctf-events.de\/lauf-der-guten-vorsaetze\/infos\/","url":"https:\/\/sctf-events.de\/lauf-der-guten-vorsaetze\/infos\/","name":"Infos - Lauf der guten Vors\u00e4tze","isPartOf":{"@id":"https:\/\/sctf-events.de\/lauf-der-guten-vorsaetze\/#website"},"datePublished":"2020-04-27T13:43:52+00:00","dateModified":"2021-01-13T12:58:25+00:00","breadcrumb":{"@id":"https:\/\/sctf-events.de\/lauf-der-guten-vorsaetze\/infos\/#breadcrumb"},"inLanguage":"de","potentialAction":[{"@type":"ReadAction","target":["https:\/\/sctf-events.de\/lauf-der-guten-vorsaetze\/infos\/"]}]},{"@type":"BreadcrumbList","@id":"https:\/\/sctf-events.de\/lauf-der-guten-vorsaetze\/infos\/#breadcrumb","itemListElement":[{"@type":"ListItem","position":1,"name":"Startseite","item":"https:\/\/sctf-events.de\/lauf-der-guten-vorsaetze\/"},{"@type":"ListItem","position":2,"name":"Infos"}]},{"@type":"WebSite","@id":"https:\/\/sctf-events.de\/lauf-der-guten-vorsaetze\/#website","url":"https:\/\/sctf-events.de\/lauf-der-guten-vorsaetze\/","name":"Lauf der guten Vors\u00e4tze","description":"Der virtuelle Lauf zum Jahresanfang","potentialAction":[{"@type":"SearchAction","target":{"@type":"EntryPoint","urlTemplate":"https:\/\/sctf-events.de\/lauf-der-guten-vorsaetze\/?s={search_term_string}"},"query-input":{"@type":"PropertyValueSpecification","valueRequired":true,"valueName":"search_term_string"}}],"inLanguage":"de"}]}},"_links":{"self":[{"href":"https:\/\/sctf-events.de\/lauf-der-guten-vorsaetze\/wp-json\/wp\/v2\/pages\/29","targetHints":{"allow":["GET"]}}],"collection":[{"href":"https:\/\/sctf-events.de\/lauf-der-guten-vorsaetze\/wp-json\/wp\/v2\/pages"}],"about":[{"href":"https:\/\/sctf-events.de\/lauf-der-guten-vorsaetze\/wp-json\/wp\/v2\/types\/page"}],"author":[{"embeddable":true,"href":"https:\/\/sctf-events.de\/lauf-der-guten-vorsaetze\/wp-json\/wp\/v2\/users\/8"}],"replies":[{"embeddable":true,"href":"https:\/\/sctf-events.de\/lauf-der-guten-vorsaetze\/wp-json\/wp\/v2\/comments?post=29"}],"version-history":[{"count":20,"href":"https:\/\/sctf-events.de\/lauf-der-guten-vorsaetze\/wp-json\/wp\/v2\/pages\/29\/revisions"}],"predecessor-version":[{"id":48,"href":"https:\/\/sctf-events.de\/lauf-der-guten-vorsaetze\/wp-json\/wp\/v2\/pages\/29\/revisions\/48"}],"wp:attachment":[{"href":"https:\/\/sctf-events.de\/lauf-der-guten-vorsaetze\/wp-json\/wp\/v2\/media?parent=29"}],"curies":[{"name":"wp","href":"https:\/\/api.w.org\/{rel}","templated":true}]}}