{"id":19,"date":"2019-09-23T11:23:08","date_gmt":"2019-09-23T09:23:08","guid":{"rendered":"https:\/\/sctf-events.de\/mb-halbmarathon\/?page_id=19"},"modified":"2023-02-24T11:17:23","modified_gmt":"2023-02-24T10:17:23","slug":"ueber-uns","status":"publish","type":"page","link":"https:\/\/sctf-events.de\/halbmarathon\/ueber-uns\/","title":{"rendered":"\u00dcber uns"},"content":{"rendered":"<div class=\"fusion-fullwidth fullwidth-box fusion-builder-row-1 nonhundred-percent-fullwidth non-hundred-percent-height-scrolling\" style=\"--awb-border-radius-top-left:0px;--awb-border-radius-top-right:0px;--awb-border-radius-bottom-right:0px;--awb-border-radius-bottom-left:0px;--awb-flex-wrap:wrap;\" ><div class=\"fusion-builder-row fusion-row\"><div class=\"fusion-layout-column fusion_builder_column fusion-builder-column-0 fusion_builder_column_1_1 1_1 fusion-one-full fusion-column-first fusion-column-last\" style=\"--awb-bg-size:cover;\"><div class=\"fusion-column-wrapper fusion-column-has-shadow fusion-flex-column-wrapper-legacy\"><div class=\"fusion-title title fusion-title-1 fusion-title-text fusion-title-size-two\" style=\"--awb-margin-top-small:0px;--awb-margin-right-small:0px;--awb-margin-bottom-small:20px;--awb-margin-left-small:0px;\"><h2 class=\"fusion-title-heading title-heading-left fusion-responsive-typography-calculated\" style=\"margin:0;--fontSize:18;--minFontSize:18;line-height:1.5;\">\u00dcber uns<\/h2><span class=\"awb-title-spacer\"><\/span><div class=\"title-sep-container\"><div class=\"title-sep sep- sep-solid\" style=\"border-color:#e0dede;\"><\/div><\/div><\/div><div class=\"fusion-text fusion-text-1 text\"><p>Das Organisationsteam besteht aus vielen ehrenamtlichen Helfern. In der Hauptverantwortung stehen hierbei die Gesch\u00e4ftsf\u00fchrer: Detlef La\u00dfe (VfB Hermsdorf), Ronny Mewis (SC Tegeler Forst) und Tobias Lohr.<\/p>\n<hr \/>\n<\/div><div class=\"fusion-text fusion-text-2 text\"><p>Die Gesellschafter der Laufen in Reinickendorf gGmbH sind zu je gleichen Teilen die zwei Vereine<\/p>\n<ul>\n<li>VfB Hermsdorf e.V.<\/li>\n<li>SC Tegeler Forst e.V.<\/li>\n<\/ul>\n<p>aus Berlin-Reinickendorf.<\/p>\n<hr \/>\n<p>Weitere Informationen zu den Vereinen finden Sie direkt auf deren Webseiten:<\/p>\n<\/div><div class=\"fusion-sep-clear\"><\/div><div class=\"fusion-separator fusion-full-width-sep\" style=\"margin-left: auto;margin-right: auto;margin-top:10px;margin-bottom:10px;width:100%;\"><\/div><div class=\"fusion-sep-clear\"><\/div><div class=\"fusion-builder-row fusion-builder-row-inner fusion-row\"><div class=\"fusion-layout-column fusion_builder_column_inner fusion-builder-nested-column-0 fusion_builder_column_inner_1_2 1_2 fusion-one-half fusion-column-first\" style=\"--awb-bg-color:rgba(255,255,255,0);--awb-bg-color-hover:rgba(255,255,255,0);--awb-bg-size:cover;width:50%;width:calc(50% - ( ( 4% ) * 0.5 ) );margin-right: 4%;\"><div class=\"fusion-column-wrapper fusion-column-has-shadow fusion-flex-column-wrapper-legacy\"><div class=\"fusion-image-element fusion-image-align-center in-legacy-container\" style=\"text-align:center;--awb-liftup-border-radius:5px;--awb-caption-title-font-family:var(--h2_typography-font-family);--awb-caption-title-font-weight:var(--h2_typography-font-weight);--awb-caption-title-font-style:var(--h2_typography-font-style);--awb-caption-title-size:var(--h2_typography-font-size);--awb-caption-title-transform:var(--h2_typography-text-transform);--awb-caption-title-line-height:var(--h2_typography-line-height);--awb-caption-title-letter-spacing:var(--h2_typography-letter-spacing);\"><div class=\"imageframe-align-center\"><div class=\"awb-image-frame awb-image-frame-1 imageframe-liftup imageframe-1\" style=\"max-width:80px;\"><span class=\" fusion-imageframe imageframe-none imageframe-1\" style=\"border-radius:5px;\"><a class=\"fusion-no-lightbox\" href=\"https:\/\/www.vfbhermsdorf.de\/index.html\" target=\"_blank\" aria-label=\"VFBlogo\" rel=\"noopener noreferrer\"><img decoding=\"async\" width=\"214\" height=\"300\" src=\"https:\/\/sctf-events.de\/halbmarathon\/wp-content\/uploads\/2020\/01\/VFBlogo.png\" data-orig-src=\"https:\/\/sctf-events.de\/mb-halbmarathon\/wp-content\/uploads\/2020\/01\/VFBlogo-214x300.png\" alt class=\"lazyload img-responsive wp-image-320\" srcset=\"data:image\/svg+xml,%3Csvg%20xmlns%3D%27http%3A%2F%2Fwww.w3.org%2F2000%2Fsvg%27%20width%3D%27226%27%20height%3D%27317%27%20viewBox%3D%270%200%20226%20317%27%3E%3Crect%20width%3D%27226%27%20height%3D%27317%27%20fill-opacity%3D%220%22%2F%3E%3C%2Fsvg%3E\" data-srcset=\"https:\/\/sctf-events.de\/halbmarathon\/wp-content\/uploads\/2020\/01\/VFBlogo-200x281.png 200w, https:\/\/sctf-events.de\/halbmarathon\/wp-content\/uploads\/2020\/01\/VFBlogo.png 226w\" data-sizes=\"auto\" data-orig-sizes=\"(max-width: 800px) 100vw, 214px\" \/><\/a><\/span><\/div><\/div><\/div><div class=\"fusion-clearfix\"><\/div><\/div><\/div><div class=\"fusion-layout-column fusion_builder_column_inner fusion-builder-nested-column-1 fusion_builder_column_inner_1_2 1_2 fusion-one-half fusion-column-last\" style=\"--awb-bg-color:rgba(255,255,255,0);--awb-bg-color-hover:rgba(255,255,255,0);--awb-bg-size:cover;width:50%;width:calc(50% - ( ( 4% ) * 0.5 ) );\"><div class=\"fusion-column-wrapper fusion-column-has-shadow fusion-flex-column-wrapper-legacy\"><div class=\"fusion-image-element fusion-image-align-center in-legacy-container\" style=\"text-align:center;--awb-liftup-border-radius:5px;--awb-caption-title-font-family:var(--h2_typography-font-family);--awb-caption-title-font-weight:var(--h2_typography-font-weight);--awb-caption-title-font-style:var(--h2_typography-font-style);--awb-caption-title-size:var(--h2_typography-font-size);--awb-caption-title-transform:var(--h2_typography-text-transform);--awb-caption-title-line-height:var(--h2_typography-line-height);--awb-caption-title-letter-spacing:var(--h2_typography-letter-spacing);\"><div class=\"imageframe-align-center\"><div class=\"awb-image-frame awb-image-frame-2 imageframe-liftup imageframe-2\" style=\"max-width:110px;\"><span class=\" fusion-imageframe imageframe-none imageframe-2\" style=\"border-radius:5px;\"><a class=\"fusion-no-lightbox\" href=\"https:\/\/www.sc-tegeler-forst.de\/home\" target=\"_blank\" aria-label=\"SC TF_Verein-Logo_2016_rgb\" rel=\"noopener noreferrer\"><img decoding=\"async\" width=\"200\" height=\"200\" src=\"https:\/\/sctf-events.de\/halbmarathon\/wp-content\/uploads\/2020\/01\/SC-TF_Verein-Logo_2016_rgb.png\" data-orig-src=\"https:\/\/sctf-events.de\/mb-halbmarathon\/wp-content\/uploads\/2020\/01\/SC-TF_Verein-Logo_2016_rgb-200x200.png\" alt class=\"lazyload img-responsive wp-image-321\" srcset=\"data:image\/svg+xml,%3Csvg%20xmlns%3D%27http%3A%2F%2Fwww.w3.org%2F2000%2Fsvg%27%20width%3D%27886%27%20height%3D%27886%27%20viewBox%3D%270%200%20886%20886%27%3E%3Crect%20width%3D%27886%27%20height%3D%27886%27%20fill-opacity%3D%220%22%2F%3E%3C%2Fsvg%3E\" data-srcset=\"https:\/\/sctf-events.de\/halbmarathon\/wp-content\/uploads\/2020\/01\/SC-TF_Verein-Logo_2016_rgb-200x200.png 200w, https:\/\/sctf-events.de\/halbmarathon\/wp-content\/uploads\/2020\/01\/SC-TF_Verein-Logo_2016_rgb-400x400.png 400w, https:\/\/sctf-events.de\/halbmarathon\/wp-content\/uploads\/2020\/01\/SC-TF_Verein-Logo_2016_rgb-600x600.png 600w, https:\/\/sctf-events.de\/halbmarathon\/wp-content\/uploads\/2020\/01\/SC-TF_Verein-Logo_2016_rgb-800x800.png 800w, https:\/\/sctf-events.de\/halbmarathon\/wp-content\/uploads\/2020\/01\/SC-TF_Verein-Logo_2016_rgb.png 886w\" data-sizes=\"auto\" data-orig-sizes=\"(max-width: 800px) 100vw, 600px\" \/><\/a><\/span><\/div><\/div><\/div><div class=\"fusion-clearfix\"><\/div><\/div><\/div><\/div><div class=\"fusion-text fusion-text-3\"><hr \/>\n<\/div><div class=\"fusion-image-element fusion-image-align-center in-legacy-container\" style=\"text-align:center;--awb-caption-title-font-family:var(--h2_typography-font-family);--awb-caption-title-font-weight:var(--h2_typography-font-weight);--awb-caption-title-font-style:var(--h2_typography-font-style);--awb-caption-title-size:var(--h2_typography-font-size);--awb-caption-title-transform:var(--h2_typography-text-transform);--awb-caption-title-line-height:var(--h2_typography-line-height);--awb-caption-title-letter-spacing:var(--h2_typography-letter-spacing);\"><div class=\"imageframe-align-center\"><span class=\" fusion-imageframe imageframe-none imageframe-3 hover-type-none\" style=\"border-radius:5px;\"><img decoding=\"async\" width=\"400\" height=\"250\" title=\"LiR Logovarianten\" src=\"https:\/\/sctf-events.de\/halbmarathon\/wp-content\/uploads\/2020\/01\/LiR-Logovarianten.png\" data-orig-src=\"https:\/\/sctf-events.de\/mb-halbmarathon\/wp-content\/uploads\/2020\/01\/LiR-Logovarianten-400x250.png\" alt class=\"lazyload img-responsive wp-image-299\" srcset=\"data:image\/svg+xml,%3Csvg%20xmlns%3D%27http%3A%2F%2Fwww.w3.org%2F2000%2Fsvg%27%20width%3D%271778%27%20height%3D%271111%27%20viewBox%3D%270%200%201778%201111%27%3E%3Crect%20width%3D%271778%27%20height%3D%271111%27%20fill-opacity%3D%220%22%2F%3E%3C%2Fsvg%3E\" data-srcset=\"https:\/\/sctf-events.de\/halbmarathon\/wp-content\/uploads\/2020\/01\/LiR-Logovarianten-200x125.png 200w, https:\/\/sctf-events.de\/halbmarathon\/wp-content\/uploads\/2020\/01\/LiR-Logovarianten-400x250.png 400w, https:\/\/sctf-events.de\/halbmarathon\/wp-content\/uploads\/2020\/01\/LiR-Logovarianten-600x375.png 600w, https:\/\/sctf-events.de\/halbmarathon\/wp-content\/uploads\/2020\/01\/LiR-Logovarianten-800x500.png 800w, https:\/\/sctf-events.de\/halbmarathon\/wp-content\/uploads\/2020\/01\/LiR-Logovarianten-1200x750.png 1200w, https:\/\/sctf-events.de\/halbmarathon\/wp-content\/uploads\/2020\/01\/LiR-Logovarianten.png 1778w\" data-sizes=\"auto\" data-orig-sizes=\"(max-width: 800px) 100vw, 1200px\" \/><\/span><\/div><\/div><div class=\"fusion-clearfix\"><\/div><\/div><\/div><div class=\"fusion-layout-column fusion_builder_column fusion-builder-column-1 fusion_builder_column_1_1 1_1 fusion-one-full fusion-column-first fusion-column-last\" style=\"--awb-bg-size:cover;\"><div class=\"fusion-column-wrapper fusion-column-has-shadow fusion-flex-column-wrapper-legacy\"><div class=\"fusion-title title fusion-title-2 fusion-title-text fusion-title-size-two\" style=\"--awb-margin-top-small:0px;--awb-margin-right-small:0px;--awb-margin-bottom-small:20px;--awb-margin-left-small:0px;\"><h2 class=\"fusion-title-heading title-heading-left fusion-responsive-typography-calculated\" style=\"margin:0;--fontSize:18;--minFontSize:18;line-height:1.5;\">Gleichberechtigung ist uns wichtig!<\/h2><span class=\"awb-title-spacer\"><\/span><div class=\"title-sep-container\"><div class=\"title-sep sep- sep-solid\" style=\"border-color:#e0dede;\"><\/div><\/div><\/div><div class=\"fusion-text fusion-text-4 text\"><p>Deshalb m\u00f6chten wir euch darauf hinweisen, dass wenn wir beispielsweise von Teilnehmern und L\u00e4ufern sprechen, wir nat\u00fcrlich auch Teilnehmerinnen und L\u00e4uferinnen meinen. Im Sinne einer besseren Lesbarkeit der Texte wird von uns entweder die m\u00e4nnliche oder weibliche Form von personenbezogenen Hauptw\u00f6rtern gew\u00e4hlt. Dies impliziert keinesfalls eine Benachteiligung des jeweils anderen Geschlechts. Alle Geschlechter m\u00f6gen sich von den Inhalten unserer Website gleicherma\u00dfen angesprochen f\u00fchlen!<\/p>\n<p>Wir danken f\u00fcr euer Verst\u00e4ndnis.<\/p>\n<\/div><div class=\"fusion-clearfix\"><\/div><\/div><\/div><\/div><\/div>\n","protected":false},"excerpt":{"rendered":"","protected":false},"author":8,"featured_media":0,"parent":0,"menu_order":0,"comment_status":"closed","ping_status":"closed","template":"","meta":{"footnotes":""},"class_list":["post-19","page","type-page","status-publish","hentry"],"yoast_head":"<!-- This site is optimized with the Yoast SEO plugin v27.3 - https:\/\/yoast.com\/product\/yoast-seo-wordpress\/ -->\n<title>\u00dcber uns - Halbmarathon Berlin-Reinickendorf<\/title>\n<meta name=\"robots\" content=\"index, follow, max-snippet:-1, max-image-preview:large, max-video-preview:-1\" \/>\n<link rel=\"canonical\" href=\"https:\/\/sctf-events.de\/halbmarathon\/ueber-uns\/\" \/>\n<meta property=\"og:locale\" content=\"de_DE\" \/>\n<meta property=\"og:type\" content=\"article\" \/>\n<meta property=\"og:title\" content=\"\u00dcber uns - Halbmarathon Berlin-Reinickendorf\" \/>\n<meta property=\"og:url\" content=\"https:\/\/sctf-events.de\/halbmarathon\/ueber-uns\/\" \/>\n<meta property=\"og:site_name\" content=\"Halbmarathon Berlin-Reinickendorf\" \/>\n<meta property=\"article:modified_time\" content=\"2023-02-24T10:17:23+00:00\" \/>\n<meta name=\"twitter:card\" content=\"summary_large_image\" \/>\n<meta name=\"twitter:label1\" content=\"Gesch\u00e4tzte Lesezeit\" \/>\n\t<meta name=\"twitter:data1\" content=\"6\u00a0Minuten\" \/>\n<script type=\"application\/ld+json\" class=\"yoast-schema-graph\">{\"@context\":\"https:\\\/\\\/schema.org\",\"@graph\":[{\"@type\":\"WebPage\",\"@id\":\"https:\\\/\\\/sctf-events.de\\\/halbmarathon\\\/ueber-uns\\\/\",\"url\":\"https:\\\/\\\/sctf-events.de\\\/halbmarathon\\\/ueber-uns\\\/\",\"name\":\"\u00dcber uns - Halbmarathon Berlin-Reinickendorf\",\"isPartOf\":{\"@id\":\"https:\\\/\\\/sctf-events.de\\\/halbmarathon\\\/#website\"},\"datePublished\":\"2019-09-23T09:23:08+00:00\",\"dateModified\":\"2023-02-24T10:17:23+00:00\",\"breadcrumb\":{\"@id\":\"https:\\\/\\\/sctf-events.de\\\/halbmarathon\\\/ueber-uns\\\/#breadcrumb\"},\"inLanguage\":\"de\",\"potentialAction\":[{\"@type\":\"ReadAction\",\"target\":[\"https:\\\/\\\/sctf-events.de\\\/halbmarathon\\\/ueber-uns\\\/\"]}]},{\"@type\":\"BreadcrumbList\",\"@id\":\"https:\\\/\\\/sctf-events.de\\\/halbmarathon\\\/ueber-uns\\\/#breadcrumb\",\"itemListElement\":[{\"@type\":\"ListItem\",\"position\":1,\"name\":\"Startseite\",\"item\":\"https:\\\/\\\/sctf-events.de\\\/halbmarathon\\\/\"},{\"@type\":\"ListItem\",\"position\":2,\"name\":\"\u00dcber uns\"}]},{\"@type\":\"WebSite\",\"@id\":\"https:\\\/\\\/sctf-events.de\\\/halbmarathon\\\/#website\",\"url\":\"https:\\\/\\\/sctf-events.de\\\/halbmarathon\\\/\",\"name\":\"Halbmarathon Berlin-Reinickendorf\",\"description\":\"\",\"potentialAction\":[{\"@type\":\"SearchAction\",\"target\":{\"@type\":\"EntryPoint\",\"urlTemplate\":\"https:\\\/\\\/sctf-events.de\\\/halbmarathon\\\/?s={search_term_string}\"},\"query-input\":{\"@type\":\"PropertyValueSpecification\",\"valueRequired\":true,\"valueName\":\"search_term_string\"}}],\"inLanguage\":\"de\"}]}<\/script>\n<!-- \/ Yoast SEO plugin. -->","yoast_head_json":{"title":"\u00dcber uns - Halbmarathon Berlin-Reinickendorf","robots":{"index":"index","follow":"follow","max-snippet":"max-snippet:-1","max-image-preview":"max-image-preview:large","max-video-preview":"max-video-preview:-1"},"canonical":"https:\/\/sctf-events.de\/halbmarathon\/ueber-uns\/","og_locale":"de_DE","og_type":"article","og_title":"\u00dcber uns - Halbmarathon Berlin-Reinickendorf","og_url":"https:\/\/sctf-events.de\/halbmarathon\/ueber-uns\/","og_site_name":"Halbmarathon Berlin-Reinickendorf","article_modified_time":"2023-02-24T10:17:23+00:00","twitter_card":"summary_large_image","twitter_misc":{"Gesch\u00e4tzte Lesezeit":"6\u00a0Minuten"},"schema":{"@context":"https:\/\/schema.org","@graph":[{"@type":"WebPage","@id":"https:\/\/sctf-events.de\/halbmarathon\/ueber-uns\/","url":"https:\/\/sctf-events.de\/halbmarathon\/ueber-uns\/","name":"\u00dcber uns - Halbmarathon Berlin-Reinickendorf","isPartOf":{"@id":"https:\/\/sctf-events.de\/halbmarathon\/#website"},"datePublished":"2019-09-23T09:23:08+00:00","dateModified":"2023-02-24T10:17:23+00:00","breadcrumb":{"@id":"https:\/\/sctf-events.de\/halbmarathon\/ueber-uns\/#breadcrumb"},"inLanguage":"de","potentialAction":[{"@type":"ReadAction","target":["https:\/\/sctf-events.de\/halbmarathon\/ueber-uns\/"]}]},{"@type":"BreadcrumbList","@id":"https:\/\/sctf-events.de\/halbmarathon\/ueber-uns\/#breadcrumb","itemListElement":[{"@type":"ListItem","position":1,"name":"Startseite","item":"https:\/\/sctf-events.de\/halbmarathon\/"},{"@type":"ListItem","position":2,"name":"\u00dcber uns"}]},{"@type":"WebSite","@id":"https:\/\/sctf-events.de\/halbmarathon\/#website","url":"https:\/\/sctf-events.de\/halbmarathon\/","name":"Halbmarathon Berlin-Reinickendorf","description":"","potentialAction":[{"@type":"SearchAction","target":{"@type":"EntryPoint","urlTemplate":"https:\/\/sctf-events.de\/halbmarathon\/?s={search_term_string}"},"query-input":{"@type":"PropertyValueSpecification","valueRequired":true,"valueName":"search_term_string"}}],"inLanguage":"de"}]}},"_links":{"self":[{"href":"https:\/\/sctf-events.de\/halbmarathon\/wp-json\/wp\/v2\/pages\/19","targetHints":{"allow":["GET"]}}],"collection":[{"href":"https:\/\/sctf-events.de\/halbmarathon\/wp-json\/wp\/v2\/pages"}],"about":[{"href":"https:\/\/sctf-events.de\/halbmarathon\/wp-json\/wp\/v2\/types\/page"}],"author":[{"embeddable":true,"href":"https:\/\/sctf-events.de\/halbmarathon\/wp-json\/wp\/v2\/users\/8"}],"replies":[{"embeddable":true,"href":"https:\/\/sctf-events.de\/halbmarathon\/wp-json\/wp\/v2\/comments?post=19"}],"version-history":[{"count":9,"href":"https:\/\/sctf-events.de\/halbmarathon\/wp-json\/wp\/v2\/pages\/19\/revisions"}],"predecessor-version":[{"id":2483,"href":"https:\/\/sctf-events.de\/halbmarathon\/wp-json\/wp\/v2\/pages\/19\/revisions\/2483"}],"wp:attachment":[{"href":"https:\/\/sctf-events.de\/halbmarathon\/wp-json\/wp\/v2\/media?parent=19"}],"curies":[{"name":"wp","href":"https:\/\/api.w.org\/{rel}","templated":true}]}}