{"id":17,"date":"2019-09-23T11:22:40","date_gmt":"2019-09-23T09:22:40","guid":{"rendered":"https:\/\/sctf-events.de\/mb-halbmarathon\/?page_id=17"},"modified":"2023-02-24T11:13:40","modified_gmt":"2023-02-24T10:13:40","slug":"volunteer","status":"publish","type":"page","link":"https:\/\/sctf-events.de\/halbmarathon\/volunteer\/","title":{"rendered":"Volunteer"},"content":{"rendered":"<div class=\"fusion-fullwidth fullwidth-box fusion-builder-row-1 nonhundred-percent-fullwidth non-hundred-percent-height-scrolling\" style=\"--awb-border-radius-top-left:0px;--awb-border-radius-top-right:0px;--awb-border-radius-bottom-right:0px;--awb-border-radius-bottom-left:0px;--awb-flex-wrap:wrap;\" ><div class=\"fusion-builder-row fusion-row\"><div class=\"fusion-layout-column fusion_builder_column fusion-builder-column-0 fusion_builder_column_1_2 1_2 fusion-one-half fusion-column-first\" style=\"--awb-bg-size:cover;width:50%;width:calc(50% - ( ( 4% ) * 0.5 ) );margin-right: 4%;\"><div class=\"fusion-column-wrapper fusion-column-has-shadow fusion-flex-column-wrapper-legacy\"><div class=\"fusion-title title fusion-title-1 fusion-title-text fusion-title-size-two\" style=\"--awb-margin-top-small:0px;--awb-margin-right-small:0px;--awb-margin-bottom-small:20px;--awb-margin-left-small:0px;\"><h2 class=\"fusion-title-heading title-heading-left fusion-responsive-typography-calculated\" style=\"margin:0;--fontSize:18;--minFontSize:18;line-height:1.5;\">Sei mitten drin!<\/h2><span class=\"awb-title-spacer\"><\/span><div class=\"title-sep-container\"><div class=\"title-sep sep- sep-solid\" style=\"border-color:#e0dede;\"><\/div><\/div><\/div><div class=\"fusion-image-element in-legacy-container\" style=\"--awb-caption-title-font-family:var(--h2_typography-font-family);--awb-caption-title-font-weight:var(--h2_typography-font-weight);--awb-caption-title-font-style:var(--h2_typography-font-style);--awb-caption-title-size:var(--h2_typography-font-size);--awb-caption-title-transform:var(--h2_typography-text-transform);--awb-caption-title-line-height:var(--h2_typography-line-height);--awb-caption-title-letter-spacing:var(--h2_typography-letter-spacing);\"><span class=\" fusion-imageframe imageframe-none imageframe-1 hover-type-none\" style=\"border-radius:5px;\"><img decoding=\"async\" width=\"600\" height=\"400\" title=\"RaB_volunteer-600&#215;400\" src=\"https:\/\/sctf-events.de\/halbmarathon\/wp-content\/uploads\/2019\/12\/RaB_volunteer-600x400.jpg\" data-orig-src=\"https:\/\/sctf-events.de\/mb-halbmarathon\/wp-content\/uploads\/2019\/12\/RaB_volunteer-600x400.jpg\" alt class=\"lazyload img-responsive wp-image-253\" srcset=\"data:image\/svg+xml,%3Csvg%20xmlns%3D%27http%3A%2F%2Fwww.w3.org%2F2000%2Fsvg%27%20width%3D%27600%27%20height%3D%27400%27%20viewBox%3D%270%200%20600%20400%27%3E%3Crect%20width%3D%27600%27%20height%3D%27400%27%20fill-opacity%3D%220%22%2F%3E%3C%2Fsvg%3E\" data-srcset=\"https:\/\/sctf-events.de\/halbmarathon\/wp-content\/uploads\/2019\/12\/RaB_volunteer-600x400-200x133.jpg 200w, https:\/\/sctf-events.de\/halbmarathon\/wp-content\/uploads\/2019\/12\/RaB_volunteer-600x400-400x267.jpg 400w, https:\/\/sctf-events.de\/halbmarathon\/wp-content\/uploads\/2019\/12\/RaB_volunteer-600x400.jpg 600w\" data-sizes=\"auto\" data-orig-sizes=\"(max-width: 800px) 100vw, 600px\" \/><\/span><\/div><div class=\"fusion-sep-clear\"><\/div><div class=\"fusion-separator fusion-full-width-sep\" style=\"margin-left: auto;margin-right: auto;margin-top:10px;margin-bottom:10px;width:100%;\"><\/div><div class=\"fusion-sep-clear\"><\/div><div class=\"fusion-text fusion-text-1 text\"><p>Gro\u00dfe Sport-Events brauchen tatkr\u00e4ftige Helfer! Du m\u00f6chtest Sport hautnah erleben und dazu beitragen, dass die vielen Aktiven, die jedes Jahr zu unseren Veranstaltungen kommen, eine tolle Erfahrung machen?<\/p>\n<p>Dann werde Volunteer beim Halbmarathon Berlin-Reinickendorf!<\/p>\n<p>Von Verpflegung, \u00fcber Startnummernausgabe oder Streckenposten \u2013 f\u00fcr jeden ist was dabei. Wir freuen uns auf dich!<\/p>\n<\/div><div class=\"fusion-clearfix\"><\/div><\/div><\/div><div class=\"fusion-layout-column fusion_builder_column fusion-builder-column-1 fusion_builder_column_1_2 1_2 fusion-one-half fusion-column-last\" style=\"--awb-bg-color:rgba(255,255,255,0);--awb-bg-color-hover:rgba(255,255,255,0);--awb-bg-size:cover;width:50%;width:calc(50% - ( ( 4% ) * 0.5 ) );\"><div class=\"fusion-column-wrapper fusion-column-has-shadow fusion-flex-column-wrapper-legacy\"><div class=\"fusion-title title fusion-title-2 fusion-title-text fusion-title-size-two\" style=\"--awb-margin-top-small:0px;--awb-margin-right-small:0px;--awb-margin-bottom-small:20px;--awb-margin-left-small:0px;\"><h2 class=\"fusion-title-heading title-heading-left fusion-responsive-typography-calculated\" style=\"margin:0;--fontSize:18;--minFontSize:18;line-height:1.5;\">Jetzt anmelden!<\/h2><span class=\"awb-title-spacer\"><\/span><div class=\"title-sep-container\"><div class=\"title-sep sep- sep-solid\" style=\"border-color:#e0dede;\"><\/div><\/div><\/div><div class=\"fusion-text fusion-text-2 text\"><div class=\"wpforms-container wpforms-container-full\" id=\"wpforms-140\"><form id=\"wpforms-form-140\" class=\"wpforms-validate wpforms-form\" data-formid=\"140\" method=\"post\" enctype=\"multipart\/form-data\" action=\"\/halbmarathon\/wp-json\/wp\/v2\/pages\/17\" data-token=\"cd10d5a9ca7ab9f975749e504a84bec3\" data-token-time=\"1775656618\"><noscript class=\"wpforms-error-noscript\">Bitte aktiviere JavaScript in deinem Browser, um dieses Formular fertigzustellen.<\/noscript><div class=\"wpforms-field-container\"><div id=\"wpforms-140-field_0-container\" class=\"wpforms-field wpforms-field-name\" data-field-id=\"0\"><label class=\"wpforms-field-label\" for=\"wpforms-140-field_0\">Name <span class=\"wpforms-required-label\">*<\/span><\/label><input type=\"text\" id=\"wpforms-140-field_0\" class=\"wpforms-field-medium wpforms-field-required\" name=\"wpforms[fields][0]\" required><\/div><div id=\"wpforms-140-field_1-container\" class=\"wpforms-field wpforms-field-email\" data-field-id=\"1\"><label class=\"wpforms-field-label\" for=\"wpforms-140-field_1\">E-Mail <span class=\"wpforms-required-label\">*<\/span><\/label><input type=\"email\" id=\"wpforms-140-field_1\" class=\"wpforms-field-medium wpforms-field-required\" name=\"wpforms[fields][1]\" spellcheck=\"false\" required><\/div><div id=\"wpforms-140-field_3-container\" class=\"wpforms-field wpforms-field-number\" data-field-id=\"3\"><label class=\"wpforms-field-label\" for=\"wpforms-140-field_3\">Telefonnummer <span class=\"wpforms-required-label\">*<\/span><\/label><input type=\"number\" id=\"wpforms-140-field_3\" class=\"wpforms-field-medium wpforms-field-required\" name=\"wpforms[fields][3]\" step=\"any\" required><\/div><div id=\"wpforms-140-field_2-container\" class=\"wpforms-field wpforms-field-textarea\" data-field-id=\"2\"><label class=\"wpforms-field-label\" for=\"wpforms-140-field_2\">Kommentar oder Nachricht <span class=\"wpforms-required-label\">*<\/span><\/label><textarea id=\"wpforms-140-field_2\" class=\"wpforms-field-medium wpforms-field-required\" name=\"wpforms[fields][2]\" required><\/textarea><\/div><\/div><!-- .wpforms-field-container --><div class=\"wpforms-field wpforms-field-hp\"><label for=\"wpforms-140-field-hp\" class=\"wpforms-field-label\">Comment<\/label><input type=\"text\" name=\"wpforms[hp]\" id=\"wpforms-140-field-hp\" class=\"wpforms-field-medium\"><\/div><div class=\"wpforms-submit-container\" ><input type=\"hidden\" name=\"wpforms[id]\" value=\"140\"><input type=\"hidden\" name=\"page_title\" value=\"\"><input type=\"hidden\" name=\"page_url\" value=\"https:\/\/sctf-events.de\/halbmarathon\/wp-json\/wp\/v2\/pages\/17\"><input type=\"hidden\" name=\"url_referer\" value=\"\"><button type=\"submit\" name=\"wpforms[submit]\" id=\"wpforms-submit-140\" class=\"wpforms-submit\" data-alt-text=\"Senden...\" data-submit-text=\"Absenden\" aria-live=\"assertive\" value=\"wpforms-submit\">Absenden<\/button><\/div><\/form><\/div>  <!-- .wpforms-container -->\n<\/div><div class=\"fusion-clearfix\"><\/div><\/div><\/div><\/div><\/div>\n","protected":false},"excerpt":{"rendered":"","protected":false},"author":8,"featured_media":0,"parent":0,"menu_order":0,"comment_status":"closed","ping_status":"closed","template":"","meta":{"footnotes":""},"class_list":["post-17","page","type-page","status-publish","hentry"],"yoast_head":"<!-- This site is optimized with the Yoast SEO plugin v27.3 - https:\/\/yoast.com\/product\/yoast-seo-wordpress\/ -->\n<title>Volunteer - Halbmarathon Berlin-Reinickendorf<\/title>\n<meta name=\"robots\" content=\"index, follow, max-snippet:-1, max-image-preview:large, max-video-preview:-1\" \/>\n<link rel=\"canonical\" href=\"https:\/\/sctf-events.de\/halbmarathon\/volunteer\/\" \/>\n<meta property=\"og:locale\" content=\"de_DE\" \/>\n<meta property=\"og:type\" content=\"article\" \/>\n<meta property=\"og:title\" content=\"Volunteer - Halbmarathon Berlin-Reinickendorf\" \/>\n<meta property=\"og:url\" content=\"https:\/\/sctf-events.de\/halbmarathon\/volunteer\/\" \/>\n<meta property=\"og:site_name\" content=\"Halbmarathon Berlin-Reinickendorf\" \/>\n<meta property=\"article:modified_time\" content=\"2023-02-24T10:13:40+00:00\" \/>\n<meta name=\"twitter:card\" content=\"summary_large_image\" \/>\n<meta name=\"twitter:label1\" content=\"Gesch\u00e4tzte Lesezeit\" \/>\n\t<meta name=\"twitter:data1\" content=\"3\u00a0Minuten\" \/>\n<script type=\"application\/ld+json\" class=\"yoast-schema-graph\">{\"@context\":\"https:\\\/\\\/schema.org\",\"@graph\":[{\"@type\":\"WebPage\",\"@id\":\"https:\\\/\\\/sctf-events.de\\\/halbmarathon\\\/volunteer\\\/\",\"url\":\"https:\\\/\\\/sctf-events.de\\\/halbmarathon\\\/volunteer\\\/\",\"name\":\"Volunteer - Halbmarathon Berlin-Reinickendorf\",\"isPartOf\":{\"@id\":\"https:\\\/\\\/sctf-events.de\\\/halbmarathon\\\/#website\"},\"datePublished\":\"2019-09-23T09:22:40+00:00\",\"dateModified\":\"2023-02-24T10:13:40+00:00\",\"breadcrumb\":{\"@id\":\"https:\\\/\\\/sctf-events.de\\\/halbmarathon\\\/volunteer\\\/#breadcrumb\"},\"inLanguage\":\"de\",\"potentialAction\":[{\"@type\":\"ReadAction\",\"target\":[\"https:\\\/\\\/sctf-events.de\\\/halbmarathon\\\/volunteer\\\/\"]}]},{\"@type\":\"BreadcrumbList\",\"@id\":\"https:\\\/\\\/sctf-events.de\\\/halbmarathon\\\/volunteer\\\/#breadcrumb\",\"itemListElement\":[{\"@type\":\"ListItem\",\"position\":1,\"name\":\"Startseite\",\"item\":\"https:\\\/\\\/sctf-events.de\\\/halbmarathon\\\/\"},{\"@type\":\"ListItem\",\"position\":2,\"name\":\"Volunteer\"}]},{\"@type\":\"WebSite\",\"@id\":\"https:\\\/\\\/sctf-events.de\\\/halbmarathon\\\/#website\",\"url\":\"https:\\\/\\\/sctf-events.de\\\/halbmarathon\\\/\",\"name\":\"Halbmarathon Berlin-Reinickendorf\",\"description\":\"\",\"potentialAction\":[{\"@type\":\"SearchAction\",\"target\":{\"@type\":\"EntryPoint\",\"urlTemplate\":\"https:\\\/\\\/sctf-events.de\\\/halbmarathon\\\/?s={search_term_string}\"},\"query-input\":{\"@type\":\"PropertyValueSpecification\",\"valueRequired\":true,\"valueName\":\"search_term_string\"}}],\"inLanguage\":\"de\"}]}<\/script>\n<!-- \/ Yoast SEO plugin. -->","yoast_head_json":{"title":"Volunteer - Halbmarathon Berlin-Reinickendorf","robots":{"index":"index","follow":"follow","max-snippet":"max-snippet:-1","max-image-preview":"max-image-preview:large","max-video-preview":"max-video-preview:-1"},"canonical":"https:\/\/sctf-events.de\/halbmarathon\/volunteer\/","og_locale":"de_DE","og_type":"article","og_title":"Volunteer - Halbmarathon Berlin-Reinickendorf","og_url":"https:\/\/sctf-events.de\/halbmarathon\/volunteer\/","og_site_name":"Halbmarathon Berlin-Reinickendorf","article_modified_time":"2023-02-24T10:13:40+00:00","twitter_card":"summary_large_image","twitter_misc":{"Gesch\u00e4tzte Lesezeit":"3\u00a0Minuten"},"schema":{"@context":"https:\/\/schema.org","@graph":[{"@type":"WebPage","@id":"https:\/\/sctf-events.de\/halbmarathon\/volunteer\/","url":"https:\/\/sctf-events.de\/halbmarathon\/volunteer\/","name":"Volunteer - Halbmarathon Berlin-Reinickendorf","isPartOf":{"@id":"https:\/\/sctf-events.de\/halbmarathon\/#website"},"datePublished":"2019-09-23T09:22:40+00:00","dateModified":"2023-02-24T10:13:40+00:00","breadcrumb":{"@id":"https:\/\/sctf-events.de\/halbmarathon\/volunteer\/#breadcrumb"},"inLanguage":"de","potentialAction":[{"@type":"ReadAction","target":["https:\/\/sctf-events.de\/halbmarathon\/volunteer\/"]}]},{"@type":"BreadcrumbList","@id":"https:\/\/sctf-events.de\/halbmarathon\/volunteer\/#breadcrumb","itemListElement":[{"@type":"ListItem","position":1,"name":"Startseite","item":"https:\/\/sctf-events.de\/halbmarathon\/"},{"@type":"ListItem","position":2,"name":"Volunteer"}]},{"@type":"WebSite","@id":"https:\/\/sctf-events.de\/halbmarathon\/#website","url":"https:\/\/sctf-events.de\/halbmarathon\/","name":"Halbmarathon Berlin-Reinickendorf","description":"","potentialAction":[{"@type":"SearchAction","target":{"@type":"EntryPoint","urlTemplate":"https:\/\/sctf-events.de\/halbmarathon\/?s={search_term_string}"},"query-input":{"@type":"PropertyValueSpecification","valueRequired":true,"valueName":"search_term_string"}}],"inLanguage":"de"}]}},"_links":{"self":[{"href":"https:\/\/sctf-events.de\/halbmarathon\/wp-json\/wp\/v2\/pages\/17","targetHints":{"allow":["GET"]}}],"collection":[{"href":"https:\/\/sctf-events.de\/halbmarathon\/wp-json\/wp\/v2\/pages"}],"about":[{"href":"https:\/\/sctf-events.de\/halbmarathon\/wp-json\/wp\/v2\/types\/page"}],"author":[{"embeddable":true,"href":"https:\/\/sctf-events.de\/halbmarathon\/wp-json\/wp\/v2\/users\/8"}],"replies":[{"embeddable":true,"href":"https:\/\/sctf-events.de\/halbmarathon\/wp-json\/wp\/v2\/comments?post=17"}],"version-history":[{"count":6,"href":"https:\/\/sctf-events.de\/halbmarathon\/wp-json\/wp\/v2\/pages\/17\/revisions"}],"predecessor-version":[{"id":2482,"href":"https:\/\/sctf-events.de\/halbmarathon\/wp-json\/wp\/v2\/pages\/17\/revisions\/2482"}],"wp:attachment":[{"href":"https:\/\/sctf-events.de\/halbmarathon\/wp-json\/wp\/v2\/media?parent=17"}],"curies":[{"name":"wp","href":"https:\/\/api.w.org\/{rel}","templated":true}]}}