{"id":8,"date":"2021-02-02T14:10:55","date_gmt":"2021-02-02T13:10:55","guid":{"rendered":"https:\/\/sctf-events.de\/virtueller-frauenlauf\/?page_id=8"},"modified":"2021-03-25T11:50:31","modified_gmt":"2021-03-25T10:50:31","slug":"infos","status":"publish","type":"page","link":"https:\/\/sctf-events.de\/frauen-laufen-fuer-frauen\/infos\/","title":{"rendered":"Infos"},"content":{"rendered":"<p><div class=\"fusion-fullwidth fullwidth-box fusion-builder-row-1 fusion-flex-container nonhundred-percent-fullwidth non-hundred-percent-height-scrolling\" style=\"--awb-border-radius-top-left:0px;--awb-border-radius-top-right:0px;--awb-border-radius-bottom-right:0px;--awb-border-radius-bottom-left:0px;--awb-flex-wrap:wrap;\" ><div class=\"fusion-builder-row fusion-row fusion-flex-align-items-flex-start fusion-flex-content-wrap\" style=\"max-width:1144px;margin-left: calc(-4% \/ 2 );margin-right: calc(-4% \/ 2 );\"><div class=\"fusion-layout-column fusion_builder_column fusion-builder-column-0 fusion_builder_column_3_4 3_4 fusion-flex-column nobackgroundcolor\" style=\"--awb-bg-size:cover;--awb-width-large:75%;--awb-margin-top-large:0px;--awb-spacing-right-large:2.56%;--awb-margin-bottom-large:20px;--awb-spacing-left-large:2.56%;--awb-width-medium:100%;--awb-order-medium:0;--awb-spacing-right-medium:1.92%;--awb-spacing-left-medium:1.92%;--awb-width-small:100%;--awb-order-small:0;--awb-spacing-right-small:1.92%;--awb-spacing-left-small:1.92%;\"><div class=\"fusion-column-wrapper fusion-column-has-shadow fusion-flex-justify-content-flex-start fusion-content-layout-column\"><div style=\"text-align:center;\"><a class=\"fusion-button button-flat fusion-button-default-size button-default fusion-button-default button-1 fusion-button-default-span fusion-button-default-type\" target=\"_self\" href=\"https:\/\/sctf-events.de\/frauen-laufen-fuer-frauen\/anmeldung\/\"><span class=\"fusion-button-text awb-button__text awb-button__text--default\">Jetzt Anmelden!<\/span><\/a><\/div><\/div><\/div><\/div><\/div><div class=\"fusion-fullwidth fullwidth-box fusion-builder-row-2 nonhundred-percent-fullwidth non-hundred-percent-height-scrolling\" style=\"--awb-border-radius-top-left:0px;--awb-border-radius-top-right:0px;--awb-border-radius-bottom-right:0px;--awb-border-radius-bottom-left:0px;--awb-flex-wrap:wrap;\" ><div class=\"fusion-builder-row fusion-row\"><div class=\"fusion-layout-column fusion_builder_column fusion-builder-column-1 fusion_builder_column_3_4 3_4 fusion-three-fourth fusion-column-first\" style=\"--awb-bg-size:cover;width:75%;width:calc(75% - ( ( 4% ) * 0.75 ) );margin-right: 4%;\"><div class=\"fusion-column-wrapper fusion-column-has-shadow fusion-flex-column-wrapper-legacy\"><div class=\"fusion-sep-clear\"><\/div><div class=\"fusion-separator fusion-full-width-sep nobackgroundcolor\" style=\"margin-left: auto;margin-right: auto;margin-top:10px;width:100%;\"><\/div><div class=\"fusion-sep-clear\"><\/div><div class=\"fusion-text fusion-text-1\"><p><strong>Frauen laufen f\u00fcr Frauen \u2013 der virtuelle Frauentagslauf mit Charity-Charakter!<\/strong><\/p>\n<p>Im Zeitraum vom<strong> 8.3.-5.4.2021<\/strong> kannst du dir und anderen Frauen etwas Gutes tun!<\/p>\n<p><strong>Anmeldeschuss ist der 4.4.2021<\/strong><\/p>\n<p>Zum Internationalen Frauentag am 8. M\u00e4rz 2021 startet unser erster virtueller Frauentagslauf \u201eFrauen laufen f\u00fcr Frauen\u201c und wir freuen uns, wenn ihr dabei seid! Egal, ob Anf\u00e4ngerin oder \u201eProfi\u201c, ob Walking oder Laufen \u2013 f\u00fcr jede haben wir etwas im Angebot.<\/p>\n<p>Als Belohnung wartet dann unsere exklusive und personalisierte Medaille auf dich, die wir dir per Post nach dem Laufzeitraum zuschicken. Der Versand beginnt voraussichtlich am 12.4.2021.<\/p>\n<p>Und das Sch\u00f6nste: mit deiner Teilnahme unterst\u00fctzt du die Arbeit des <a href=\"https:\/\/www.paula-panke.de\/\"><strong>Frauenzentrums Paula Panke e.V.<\/strong> <\/a>und sorgst daf\u00fcr, dass Frauen dort auch weiterhin\u00a0Unterst\u00fctzung und Beratung erhalten.<\/p>\n<p>Also motiviere gerne noch weitere Freundinnen, Kolleginnen und Verwandte und tut euch und anderen etwas Gutes!<\/p>\n<p>Zusammen sind wir st\u00e4rker!<\/p>\n<p><strong>Du kannst den Lauf im Zeitraum vom 8.3.-5.4.2021 jederzeit und \u00fcberall absolvieren.<\/strong><\/p>\n<p><strong>Und so funktioniert\u2019s:<\/strong><\/p>\n<ol>\n<li>W\u00e4hle das f\u00fcr dich <strong>passende Strecke<\/strong> aus.<\/li>\n<li><strong>Anmeldung:<\/strong> Melde dich \u00fcber den Anmeldebutton an.<\/li>\n<li><strong>Teams:<\/strong> Wenn ihr m\u00f6chtet, k\u00f6nnt ihr auch an der Teamwertung teilnehmen. Daf\u00fcr tragt gleich bei der Anmeldung (oder auch sp\u00e4ter beim Eintragen der Laufzeit) euren Teamnamen ein. Wichtig: Die Schreibweise muss bei jeder der drei aus dem Team identisch sein, damit das System euch als Team erkennt.<\/li>\n<li><strong>Deine Startnummer:<\/strong>\u00a0Du bekommst eine Anmeldebest\u00e4tigung inklusive deiner pers\u00f6nlichen Startnummer und einem Link zum Eintragen deiner Laufzeit. Wir w\u00fcrden uns freuen, wenn du die Startnummer ausdruckst und dein Lauferlebnis mit uns teilst. Entweder per E-Mail an support[\u00e4t]sctf-events[.]de oder auf einem Social-Media Kanal deiner Wahl (@sctfevents)!<\/li>\n<li><strong>Der Lauf:<\/strong> Laufe deine gew\u00e4hlte Strecke im angegebenen Zeitraum <strong>(8.3.-5.4.2021)<\/strong> wann und wo du m\u00f6chtest.<\/li>\n<li><strong>Nach dem Lauf:<\/strong>\u00a0Nach dem Eintragen deiner Laufzeit erh\u00e4ltst du deine digitale Urkunde. Nach dem Laufzeitraum werden alle Medaillen personalisiert graviert und dann verschickt.<\/li>\n<\/ol>\n<p><strong>Streckenl\u00e4ngen:<\/strong><\/p>\n<ul>\n<li>3,5 km<\/li>\n<li>5 km<\/li>\n<li>10 km<\/li>\n<\/ul>\n<p><strong>Wettbewerbe:<\/strong><\/p>\n<ul>\n<li>Laufen<\/li>\n<li>Walken (mit oder ohne St\u00f6cke, wie du dich am wohlsten f\u00fchlst)<\/li>\n<\/ul>\n<p>Wir bieten dir das Rundum-Sorglos-Paket! Dies beinhaltet:<\/p>\n<ul>\n<li>Deine Startnummer (digital)<\/li>\n<li>Deine personalisierte Finishermedaille<\/li>\n<li>Deine personalisierte Urkunde (digital)<\/li>\n<li><strong>Deine gute Tat &#8211; wir spenden wir 10 % deines Startgeldes an das Frauenzentrum Paula Panke e.V.!<\/strong><\/li>\n<\/ul>\n<p><strong>Startgeld: 24,95 \u20ac &#8211; <\/strong><\/p>\n<\/div><div class=\"fusion-clearfix\"><\/div><\/div><\/div><div class=\"fusion-layout-column fusion_builder_column fusion-builder-column-2 fusion_builder_column_1_4 1_4 fusion-one-fourth fusion-column-last nobackgroundcolor\" style=\"--awb-bg-size:cover;--awb-margin-top:-10px;width:25%;width:calc(25% - ( ( 4% ) * 0.25 ) );\"><div class=\"fusion-column-wrapper fusion-column-has-shadow fusion-flex-column-wrapper-legacy\"><div class=\"fusion-aligncenter\"><a class=\"fusion-button button-flat fusion-button-default-size button-default fusion-button-default button-2 fusion-button-default-span fusion-button-default-type\" target=\"_self\" href=\"https:\/\/my.raceresult.com\/165294\/results?lang=de#0_F72B2D\"><span class=\"fusion-button-text awb-button__text awb-button__text--default\">Ergebnisliste<\/span><\/a><\/div><div class=\"fusion-sep-clear\"><\/div><div class=\"fusion-separator fusion-full-width-sep\" style=\"margin-left: auto;margin-right: auto;margin-top:20px;margin-bottom:20px;width:100%;\"><\/div><div class=\"fusion-sep-clear\"><\/div><div class=\"fusion-title title fusion-title-1 fusion-title-text fusion-title-size-two\" style=\"--awb-margin-bottom:20px;--awb-margin-top-small:0px;--awb-margin-right-small:0px;--awb-margin-bottom-small:20px;--awb-margin-left-small:0px;\"><h2 class=\"fusion-title-heading title-heading-left fusion-responsive-typography-calculated\" style=\"margin:0;--fontSize:18;--minFontSize:18;line-height:1.5;\">Medaille<\/h2><span class=\"awb-title-spacer\"><\/span><div class=\"title-sep-container\"><div class=\"title-sep sep- sep-solid\" style=\"border-color:#e0dede;\"><\/div><\/div><\/div><div class=\"fusion-image-element fusion-image-align-center in-legacy-container\" style=\"text-align:center;--awb-caption-title-font-family:var(--h2_typography-font-family);--awb-caption-title-font-weight:var(--h2_typography-font-weight);--awb-caption-title-font-style:var(--h2_typography-font-style);--awb-caption-title-size:var(--h2_typography-font-size);--awb-caption-title-transform:var(--h2_typography-text-transform);--awb-caption-title-line-height:var(--h2_typography-line-height);--awb-caption-title-letter-spacing:var(--h2_typography-letter-spacing);\"><div class=\"imageframe-align-center\"><span class=\" fusion-imageframe imageframe-none imageframe-1 hover-type-zoomin\"><img decoding=\"async\" width=\"400\" height=\"980\" title=\"Frauen laufen f\u00fcr Frauen 2021 &#8211; Medaille V5.3 ausgeschnitten\" src=\"https:\/\/sctf-events.de\/frauen-laufen-fuer-frauen\/wp-content\/uploads\/2021\/02\/Frauen-laufen-fuer-Frauen-2021-Medaille-V5.3-ausgeschnitten-e1612784849226-400x980.png\" alt class=\"img-responsive wp-image-47\" srcset=\"https:\/\/sctf-events.de\/frauen-laufen-fuer-frauen\/wp-content\/uploads\/2021\/02\/Frauen-laufen-fuer-Frauen-2021-Medaille-V5.3-ausgeschnitten-e1612784849226-200x490.png 200w, https:\/\/sctf-events.de\/frauen-laufen-fuer-frauen\/wp-content\/uploads\/2021\/02\/Frauen-laufen-fuer-Frauen-2021-Medaille-V5.3-ausgeschnitten-e1612784849226-400x980.png 400w, https:\/\/sctf-events.de\/frauen-laufen-fuer-frauen\/wp-content\/uploads\/2021\/02\/Frauen-laufen-fuer-Frauen-2021-Medaille-V5.3-ausgeschnitten-e1612784849226-600x1470.png 600w, https:\/\/sctf-events.de\/frauen-laufen-fuer-frauen\/wp-content\/uploads\/2021\/02\/Frauen-laufen-fuer-Frauen-2021-Medaille-V5.3-ausgeschnitten-e1612784849226-800x1960.png 800w, https:\/\/sctf-events.de\/frauen-laufen-fuer-frauen\/wp-content\/uploads\/2021\/02\/Frauen-laufen-fuer-Frauen-2021-Medaille-V5.3-ausgeschnitten-e1612784849226.png 817w\" sizes=\"(max-width: 1100px) 100vw, 400px\" \/><\/span><\/div><\/div><div class=\"fusion-sep-clear\"><\/div><div class=\"fusion-separator fusion-full-width-sep\" style=\"margin-left: auto;margin-right: auto;margin-top:20px;margin-bottom:20px;width:100%;\"><\/div><div class=\"fusion-sep-clear\"><\/div><div class=\"fusion-title title fusion-title-2 fusion-title-text fusion-title-size-two\" style=\"--awb-margin-bottom:20px;--awb-margin-top-small:0px;--awb-margin-right-small:0px;--awb-margin-bottom-small:20px;--awb-margin-left-small:0px;\"><h2 class=\"fusion-title-heading title-heading-left fusion-responsive-typography-calculated\" style=\"margin:0;--fontSize:18;--minFontSize:18;line-height:1.5;\">Startnummer<\/h2><span class=\"awb-title-spacer\"><\/span><div class=\"title-sep-container\"><div class=\"title-sep sep- sep-solid\" style=\"border-color:#e0dede;\"><\/div><\/div><\/div><div class=\"fusion-image-element in-legacy-container\" style=\"--awb-caption-title-font-family:var(--h2_typography-font-family);--awb-caption-title-font-weight:var(--h2_typography-font-weight);--awb-caption-title-font-style:var(--h2_typography-font-style);--awb-caption-title-size:var(--h2_typography-font-size);--awb-caption-title-transform:var(--h2_typography-text-transform);--awb-caption-title-line-height:var(--h2_typography-line-height);--awb-caption-title-letter-spacing:var(--h2_typography-letter-spacing);\"><span class=\" fusion-imageframe imageframe-none imageframe-2 hover-type-zoomin\"><img decoding=\"async\" width=\"300\" height=\"212\" title=\"Frauenlauf 2021 &#8211; Startnummer v1\" src=\"https:\/\/sctf-events.de\/frauen-laufen-fuer-frauen\/wp-content\/uploads\/2021\/02\/Frauenlauf-2021-Startnummer-v1-pdf-300x212.jpg\" alt class=\"img-responsive wp-image-51\"\/><\/span><\/div><div class=\"fusion-sep-clear\"><\/div><div class=\"fusion-separator fusion-full-width-sep\" style=\"margin-left: auto;margin-right: auto;margin-top:20px;margin-bottom:20px;width:100%;\"><\/div><div class=\"fusion-sep-clear\"><\/div><div class=\"fusion-title title fusion-title-3 fusion-title-text fusion-title-size-two\" style=\"--awb-margin-bottom:20px;--awb-margin-top-small:0px;--awb-margin-right-small:0px;--awb-margin-bottom-small:20px;--awb-margin-left-small:0px;\"><h2 class=\"fusion-title-heading title-heading-left fusion-responsive-typography-calculated\" style=\"margin:0;--fontSize:18;--minFontSize:18;line-height:1.5;\">Urkunde<\/h2><span class=\"awb-title-spacer\"><\/span><div class=\"title-sep-container\"><div class=\"title-sep sep- sep-solid\" style=\"border-color:#e0dede;\"><\/div><\/div><\/div><div class=\"fusion-image-element fusion-image-align-center in-legacy-container\" style=\"text-align:center;--awb-caption-title-font-family:var(--h2_typography-font-family);--awb-caption-title-font-weight:var(--h2_typography-font-weight);--awb-caption-title-font-style:var(--h2_typography-font-style);--awb-caption-title-size:var(--h2_typography-font-size);--awb-caption-title-transform:var(--h2_typography-text-transform);--awb-caption-title-line-height:var(--h2_typography-line-height);--awb-caption-title-letter-spacing:var(--h2_typography-letter-spacing);\"><div class=\"imageframe-align-center\"><span class=\" fusion-imageframe imageframe-none imageframe-3 hover-type-zoomin\"><img decoding=\"async\" width=\"724\" height=\"1024\" title=\"Frauenlauf 2021 &#8211; Urkunde v2\" src=\"https:\/\/sctf-events.de\/frauen-laufen-fuer-frauen\/wp-content\/uploads\/2021\/02\/Frauenlauf-2021-Urkunde-v2-pdf-724x1024.jpg\" alt class=\"img-responsive wp-image-50\"\/><\/span><\/div><\/div><div class=\"fusion-clearfix\"><\/div><\/div><\/div><\/div><\/div><\/p>\n","protected":false},"excerpt":{"rendered":"","protected":false},"author":8,"featured_media":0,"parent":0,"menu_order":0,"comment_status":"closed","ping_status":"closed","template":"","meta":{"footnotes":""},"class_list":["post-8","page","type-page","status-publish","hentry"],"yoast_head":"<!-- This site is optimized with the Yoast SEO plugin v27.3 - https:\/\/yoast.com\/product\/yoast-seo-wordpress\/ -->\n<title>Infos - Virtueller Frauenlauf - Frauen laufen f\u00fcr Frauen<\/title>\n<meta name=\"robots\" content=\"index, follow, max-snippet:-1, max-image-preview:large, max-video-preview:-1\" \/>\n<link rel=\"canonical\" href=\"https:\/\/sctf-events.de\/frauen-laufen-fuer-frauen\/infos\/\" \/>\n<meta property=\"og:locale\" content=\"de_DE\" \/>\n<meta property=\"og:type\" content=\"article\" \/>\n<meta property=\"og:title\" content=\"Infos - Virtueller Frauenlauf - Frauen laufen f\u00fcr Frauen\" \/>\n<meta property=\"og:url\" content=\"https:\/\/sctf-events.de\/frauen-laufen-fuer-frauen\/infos\/\" \/>\n<meta property=\"og:site_name\" content=\"Virtueller Frauenlauf - Frauen laufen f\u00fcr Frauen\" \/>\n<meta property=\"article:modified_time\" content=\"2021-03-25T10:50:31+00:00\" \/>\n<meta name=\"twitter:card\" content=\"summary_large_image\" \/>\n<meta name=\"twitter:label1\" content=\"Gesch\u00e4tzte Lesezeit\" \/>\n\t<meta name=\"twitter:data1\" content=\"15\u00a0Minuten\" \/>\n<script type=\"application\/ld+json\" class=\"yoast-schema-graph\">{\"@context\":\"https:\\\/\\\/schema.org\",\"@graph\":[{\"@type\":\"WebPage\",\"@id\":\"https:\\\/\\\/sctf-events.de\\\/frauen-laufen-fuer-frauen\\\/infos\\\/\",\"url\":\"https:\\\/\\\/sctf-events.de\\\/frauen-laufen-fuer-frauen\\\/infos\\\/\",\"name\":\"Infos - Virtueller Frauenlauf - Frauen laufen f\u00fcr Frauen\",\"isPartOf\":{\"@id\":\"https:\\\/\\\/sctf-events.de\\\/frauen-laufen-fuer-frauen\\\/#website\"},\"datePublished\":\"2021-02-02T13:10:55+00:00\",\"dateModified\":\"2021-03-25T10:50:31+00:00\",\"breadcrumb\":{\"@id\":\"https:\\\/\\\/sctf-events.de\\\/frauen-laufen-fuer-frauen\\\/infos\\\/#breadcrumb\"},\"inLanguage\":\"de\",\"potentialAction\":[{\"@type\":\"ReadAction\",\"target\":[\"https:\\\/\\\/sctf-events.de\\\/frauen-laufen-fuer-frauen\\\/infos\\\/\"]}]},{\"@type\":\"BreadcrumbList\",\"@id\":\"https:\\\/\\\/sctf-events.de\\\/frauen-laufen-fuer-frauen\\\/infos\\\/#breadcrumb\",\"itemListElement\":[{\"@type\":\"ListItem\",\"position\":1,\"name\":\"Startseite\",\"item\":\"https:\\\/\\\/sctf-events.de\\\/frauen-laufen-fuer-frauen\\\/\"},{\"@type\":\"ListItem\",\"position\":2,\"name\":\"Infos\"}]},{\"@type\":\"WebSite\",\"@id\":\"https:\\\/\\\/sctf-events.de\\\/frauen-laufen-fuer-frauen\\\/#website\",\"url\":\"https:\\\/\\\/sctf-events.de\\\/frauen-laufen-fuer-frauen\\\/\",\"name\":\"Virtueller Frauenlauf - Frauen laufen f\u00fcr Frauen\",\"description\":\"Der virtuelle Frauenlauf! Frauen laufen f\u00fcr Frauen\",\"potentialAction\":[{\"@type\":\"SearchAction\",\"target\":{\"@type\":\"EntryPoint\",\"urlTemplate\":\"https:\\\/\\\/sctf-events.de\\\/frauen-laufen-fuer-frauen\\\/?s={search_term_string}\"},\"query-input\":{\"@type\":\"PropertyValueSpecification\",\"valueRequired\":true,\"valueName\":\"search_term_string\"}}],\"inLanguage\":\"de\"}]}<\/script>\n<!-- \/ Yoast SEO plugin. -->","yoast_head_json":{"title":"Infos - Virtueller Frauenlauf - Frauen laufen f\u00fcr Frauen","robots":{"index":"index","follow":"follow","max-snippet":"max-snippet:-1","max-image-preview":"max-image-preview:large","max-video-preview":"max-video-preview:-1"},"canonical":"https:\/\/sctf-events.de\/frauen-laufen-fuer-frauen\/infos\/","og_locale":"de_DE","og_type":"article","og_title":"Infos - Virtueller Frauenlauf - Frauen laufen f\u00fcr Frauen","og_url":"https:\/\/sctf-events.de\/frauen-laufen-fuer-frauen\/infos\/","og_site_name":"Virtueller Frauenlauf - Frauen laufen f\u00fcr Frauen","article_modified_time":"2021-03-25T10:50:31+00:00","twitter_card":"summary_large_image","twitter_misc":{"Gesch\u00e4tzte Lesezeit":"15\u00a0Minuten"},"schema":{"@context":"https:\/\/schema.org","@graph":[{"@type":"WebPage","@id":"https:\/\/sctf-events.de\/frauen-laufen-fuer-frauen\/infos\/","url":"https:\/\/sctf-events.de\/frauen-laufen-fuer-frauen\/infos\/","name":"Infos - Virtueller Frauenlauf - Frauen laufen f\u00fcr Frauen","isPartOf":{"@id":"https:\/\/sctf-events.de\/frauen-laufen-fuer-frauen\/#website"},"datePublished":"2021-02-02T13:10:55+00:00","dateModified":"2021-03-25T10:50:31+00:00","breadcrumb":{"@id":"https:\/\/sctf-events.de\/frauen-laufen-fuer-frauen\/infos\/#breadcrumb"},"inLanguage":"de","potentialAction":[{"@type":"ReadAction","target":["https:\/\/sctf-events.de\/frauen-laufen-fuer-frauen\/infos\/"]}]},{"@type":"BreadcrumbList","@id":"https:\/\/sctf-events.de\/frauen-laufen-fuer-frauen\/infos\/#breadcrumb","itemListElement":[{"@type":"ListItem","position":1,"name":"Startseite","item":"https:\/\/sctf-events.de\/frauen-laufen-fuer-frauen\/"},{"@type":"ListItem","position":2,"name":"Infos"}]},{"@type":"WebSite","@id":"https:\/\/sctf-events.de\/frauen-laufen-fuer-frauen\/#website","url":"https:\/\/sctf-events.de\/frauen-laufen-fuer-frauen\/","name":"Virtueller Frauenlauf - Frauen laufen f\u00fcr Frauen","description":"Der virtuelle Frauenlauf! Frauen laufen f\u00fcr Frauen","potentialAction":[{"@type":"SearchAction","target":{"@type":"EntryPoint","urlTemplate":"https:\/\/sctf-events.de\/frauen-laufen-fuer-frauen\/?s={search_term_string}"},"query-input":{"@type":"PropertyValueSpecification","valueRequired":true,"valueName":"search_term_string"}}],"inLanguage":"de"}]}},"_links":{"self":[{"href":"https:\/\/sctf-events.de\/frauen-laufen-fuer-frauen\/wp-json\/wp\/v2\/pages\/8","targetHints":{"allow":["GET"]}}],"collection":[{"href":"https:\/\/sctf-events.de\/frauen-laufen-fuer-frauen\/wp-json\/wp\/v2\/pages"}],"about":[{"href":"https:\/\/sctf-events.de\/frauen-laufen-fuer-frauen\/wp-json\/wp\/v2\/types\/page"}],"author":[{"embeddable":true,"href":"https:\/\/sctf-events.de\/frauen-laufen-fuer-frauen\/wp-json\/wp\/v2\/users\/8"}],"replies":[{"embeddable":true,"href":"https:\/\/sctf-events.de\/frauen-laufen-fuer-frauen\/wp-json\/wp\/v2\/comments?post=8"}],"version-history":[{"count":16,"href":"https:\/\/sctf-events.de\/frauen-laufen-fuer-frauen\/wp-json\/wp\/v2\/pages\/8\/revisions"}],"predecessor-version":[{"id":92,"href":"https:\/\/sctf-events.de\/frauen-laufen-fuer-frauen\/wp-json\/wp\/v2\/pages\/8\/revisions\/92"}],"wp:attachment":[{"href":"https:\/\/sctf-events.de\/frauen-laufen-fuer-frauen\/wp-json\/wp\/v2\/media?parent=8"}],"curies":[{"name":"wp","href":"https:\/\/api.w.org\/{rel}","templated":true}]}}