{"id":6,"date":"2021-02-02T14:08:09","date_gmt":"2021-02-02T13:08:09","guid":{"rendered":"https:\/\/sctf-events.de\/virtueller-frauenlauf\/?page_id=6"},"modified":"2021-04-23T13:38:49","modified_gmt":"2021-04-23T11:38:49","slug":"home","status":"publish","type":"page","link":"https:\/\/sctf-events.de\/frauen-laufen-fuer-frauen\/","title":{"rendered":"Home"},"content":{"rendered":"<p><div class=\"fusion-fullwidth fullwidth-box fusion-builder-row-1 fusion-flex-container nonhundred-percent-fullwidth non-hundred-percent-height-scrolling nobackgroundcolor\" style=\"--awb-border-radius-top-left:0px;--awb-border-radius-top-right:0px;--awb-border-radius-bottom-right:0px;--awb-border-radius-bottom-left:0px;--awb-flex-wrap:wrap;\" ><div class=\"fusion-builder-row fusion-row fusion-flex-align-items-flex-start fusion-flex-content-wrap\" style=\"max-width:1144px;margin-left: calc(-4% \/ 2 );margin-right: calc(-4% \/ 2 );\"><div class=\"fusion-layout-column fusion_builder_column fusion-builder-column-0 fusion_builder_column_1_1 1_1 fusion-flex-column nobackgroundcolor\" style=\"--awb-bg-color:rgba(255,255,255,0);--awb-bg-color-hover:rgba(255,255,255,0);--awb-bg-size:cover;--awb-width-large:100%;--awb-margin-top-large:0px;--awb-spacing-right-large:1.92%;--awb-margin-bottom-large:20px;--awb-spacing-left-large:1.92%;--awb-width-medium:100%;--awb-order-medium:0;--awb-spacing-right-medium:1.92%;--awb-spacing-left-medium:1.92%;--awb-width-small:100%;--awb-order-small:0;--awb-spacing-right-small:1.92%;--awb-spacing-left-small:1.92%;\"><div class=\"fusion-column-wrapper fusion-column-has-shadow fusion-flex-justify-content-flex-start fusion-content-layout-column\"><div style=\"text-align:center;\"><a class=\"fusion-button button-flat fusion-button-default-size button-default fusion-button-default button-1 fusion-button-default-span fusion-button-default-type\" target=\"_self\" href=\"https:\/\/sctf-events.de\/frauen-laufen-fuer-frauen\/anmeldung\/\"><span class=\"fusion-button-text awb-button__text awb-button__text--default\">Jetzt Anmelden!<\/span><\/a><\/div><\/div><\/div><\/div><\/div><div class=\"fusion-fullwidth fullwidth-box fusion-builder-row-2 nonhundred-percent-fullwidth non-hundred-percent-height-scrolling\" style=\"--awb-border-radius-top-left:0px;--awb-border-radius-top-right:0px;--awb-border-radius-bottom-right:0px;--awb-border-radius-bottom-left:0px;--awb-flex-wrap:wrap;\" ><div class=\"fusion-builder-row fusion-row\"><div class=\"fusion-layout-column fusion_builder_column fusion-builder-column-1 fusion_builder_column_1_1 1_1 fusion-one-full fusion-column-first fusion-column-last\" style=\"--awb-bg-color:rgba(255,255,255,0.82);--awb-bg-color-hover:rgba(255,255,255,0.82);--awb-bg-size:cover;--awb-margin-top:10px;\"><div class=\"fusion-column-wrapper fusion-column-has-shadow fusion-flex-column-wrapper-legacy\"><div class=\"fusion-builder-row fusion-builder-row-inner fusion-row\"><div class=\"fusion-layout-column fusion_builder_column_inner fusion-builder-nested-column-0 fusion_builder_column_inner_1_1 1_1 fusion-one-full fusion-column-first fusion-column-last\" style=\"--awb-bg-color:rgba(255,255,255,0);--awb-bg-color-hover:rgba(255,255,255,0);--awb-bg-size:cover;\"><div class=\"fusion-column-wrapper fusion-column-has-shadow fusion-flex-column-wrapper-legacy\"><div class=\"fusion-text fusion-text-1 nobackgroundcolor\"><h2>Frauen laufen f\u00fcr Frauen!<\/h2>\n<p>Zum Internationalen Frauentag am 8. M\u00e4rz 2021 startet unser erster virtueller Frauentagslauf \u201eFrauen laufen f\u00fcr Frauen\u201c und wir freuen uns, wenn du dabei bist! Egal, ob Anf\u00e4ngerin oder \u201eProfi\u201c, ob Walking oder Laufen \u2013 f\u00fcr jede haben wir etwas im Angebot.<strong> In der Zeit vom 8. M\u00e4rz bis 5. April<\/strong> kannst du deine gew\u00e4hlte Strecke absolvieren, wann und wo du m\u00f6chtest.<\/p>\n<p><strong>Anmelden k\u00f6nnt ihr euch bis zum 4. April 2021.<\/strong><\/p>\n<p>Als Belohnung wartet dann unsere <strong>exklusive und personalisierte Medaille<\/strong> auf dich. Alle Medaillen werden nach dem 5. April graviert und voraussichtlich ab dem 12. April per Post zu dir nach Hause geschickt.<\/p>\n<p>Und das Sch\u00f6nste: mit deiner Teilnahme unterst\u00fctzt du die Arbeit des <a href=\"https:\/\/www.paula-panke.de\/\"><strong>Frauenzentrums Paula Panke e.V.<\/strong><\/a> und sorgst daf\u00fcr, dass Frauen dort auch weiterhin Unterst\u00fctzung und Beratung erhalten.<\/p>\n<p>Neben der Einzelwertung f\u00fcr jede gibt es auch eine 3er-Teamwertung. Also motiviere gerne weitere Freundinnen, Kolleginnen und Verwandte, werdet das schnellste Frauenteam und tue dir und anderen etwas Gutes!<\/p>\n<p><strong>Zusammen sind wir st\u00e4rker!<\/strong><\/p>\n<h3>\u00dcBER DAS FRAUENZENTRUM PAULA PANKE E.V.<\/h3>\n<p>Das <a href=\"https:\/\/www.paula-panke.de\/\"><strong>Frauenzentrum Paula Panke e.V.<\/strong> <\/a>ist seit \u00fcber 30 Jahren ein Ort des Austausches und der Gemeinschaft f\u00fcr alle Frauen aller Altersgruppen, die in den vielf\u00e4ltigsten Situationen und Formen leben. Chancengleichheit, gesellschaftliche Partizipation und die Vereinbarkeit von Beruf und Familie sind Kern der `Paula-Panke-Philosophie`. Die Notwendigkeit, sich beraten und informieren zu lassen oder gemeinsam nach neuen Wegen zu suchen, ist im Zuge des rasanten Wandels von Lebens- und Arbeitsbedingungen gerade f\u00fcr Frauen sehr gro\u00df.<\/p>\n<p>Wir freuen uns, das gemeinsam mit euch zu unterst\u00fctzen.<\/p>\n<\/div><div class=\"fusion-clearfix\"><\/div><\/div><\/div><\/div><div class=\"fusion-clearfix\"><\/div><\/div><\/div><\/div><\/div><div class=\"fusion-fullwidth fullwidth-box fusion-builder-row-3 fusion-flex-container nonhundred-percent-fullwidth non-hundred-percent-height-scrolling\" style=\"--awb-border-radius-top-left:0px;--awb-border-radius-top-right:0px;--awb-border-radius-bottom-right:0px;--awb-border-radius-bottom-left:0px;--awb-flex-wrap:wrap;\" ><div class=\"fusion-builder-row fusion-row fusion-flex-align-items-flex-start fusion-flex-content-wrap\" style=\"max-width:1144px;margin-left: calc(-4% \/ 2 );margin-right: calc(-4% \/ 2 );\"><div class=\"fusion-layout-column fusion_builder_column fusion-builder-column-2 fusion_builder_column_1_1 1_1 fusion-flex-column nobackgroundcolor\" style=\"--awb-bg-size:cover;--awb-width-large:100%;--awb-margin-top-large:0px;--awb-spacing-right-large:1.92%;--awb-margin-bottom-large:20px;--awb-spacing-left-large:1.92%;--awb-width-medium:100%;--awb-order-medium:0;--awb-spacing-right-medium:1.92%;--awb-spacing-left-medium:1.92%;--awb-width-small:100%;--awb-order-small:0;--awb-spacing-right-small:1.92%;--awb-spacing-left-small:1.92%;\"><div class=\"fusion-column-wrapper fusion-column-has-shadow fusion-flex-justify-content-flex-start fusion-content-layout-column\"><div style=\"text-align:center;\"><a class=\"fusion-button button-flat fusion-button-default-size button-default fusion-button-default button-2 fusion-button-default-span fusion-button-default-type\" target=\"_self\" href=\"https:\/\/my.raceresult.com\/165294\/results?lang=de#0_F72B2D\"><span class=\"fusion-button-text awb-button__text awb-button__text--default\">Ergebnisliste<\/span><\/a><\/div><\/div><\/div><\/div><\/div><div class=\"fusion-fullwidth fullwidth-box fusion-builder-row-4 nonhundred-percent-fullwidth non-hundred-percent-height-scrolling\" style=\"--awb-border-radius-top-left:0px;--awb-border-radius-top-right:0px;--awb-border-radius-bottom-right:0px;--awb-border-radius-bottom-left:0px;--awb-flex-wrap:wrap;\" ><div class=\"fusion-builder-row fusion-row\"><div class=\"fusion-layout-column fusion_builder_column fusion-builder-column-3 fusion_builder_column_4_5 4_5 fusion-four-fifth fusion-column-first nobackgroundcolor\" style=\"--awb-bg-size:cover;width:80%;width:calc(80% - ( ( 4% ) * 0.8 ) );margin-right: 4%;\"><div class=\"fusion-column-wrapper fusion-column-has-shadow fusion-flex-column-wrapper-legacy\"><div class=\"fusion-column-content-centered\"><div class=\"fusion-column-content\"><div class=\"fusion-title title fusion-title-1 fusion-title-text fusion-title-size-two\" style=\"--awb-margin-bottom:20px;--awb-margin-top-small:0px;--awb-margin-right-small:0px;--awb-margin-bottom-small:20px;--awb-margin-left-small:0px;\"><h2 class=\"fusion-title-heading title-heading-left fusion-responsive-typography-calculated\" style=\"margin:0;--fontSize:18;--minFontSize:18;line-height:1.5;\">Produkte<\/h2><span class=\"awb-title-spacer\"><\/span><div class=\"title-sep-container\"><div class=\"title-sep sep- sep-solid\" style=\"border-color:#e0dede;\"><\/div><\/div><\/div><div class=\"fusion-image-element in-legacy-container\" style=\"--awb-caption-title-font-family:var(--h2_typography-font-family);--awb-caption-title-font-weight:var(--h2_typography-font-weight);--awb-caption-title-font-style:var(--h2_typography-font-style);--awb-caption-title-size:var(--h2_typography-font-size);--awb-caption-title-transform:var(--h2_typography-text-transform);--awb-caption-title-line-height:var(--h2_typography-line-height);--awb-caption-title-letter-spacing:var(--h2_typography-letter-spacing);\"><span class=\" fusion-imageframe imageframe-none imageframe-1 hover-type-none\"><img decoding=\"async\" width=\"800\" height=\"450\" title=\"Frauenlauf 2021 &#8211; Produkte 1 quer\" src=\"https:\/\/sctf-events.de\/frauen-laufen-fuer-frauen\/wp-content\/uploads\/2021\/02\/Frauenlauf-2021-Produkte-1-quer-800x450.png\" alt class=\"img-responsive wp-image-45\" srcset=\"https:\/\/sctf-events.de\/frauen-laufen-fuer-frauen\/wp-content\/uploads\/2021\/02\/Frauenlauf-2021-Produkte-1-quer-200x112.png 200w, https:\/\/sctf-events.de\/frauen-laufen-fuer-frauen\/wp-content\/uploads\/2021\/02\/Frauenlauf-2021-Produkte-1-quer-400x225.png 400w, https:\/\/sctf-events.de\/frauen-laufen-fuer-frauen\/wp-content\/uploads\/2021\/02\/Frauenlauf-2021-Produkte-1-quer-600x337.png 600w, https:\/\/sctf-events.de\/frauen-laufen-fuer-frauen\/wp-content\/uploads\/2021\/02\/Frauenlauf-2021-Produkte-1-quer-800x450.png 800w, https:\/\/sctf-events.de\/frauen-laufen-fuer-frauen\/wp-content\/uploads\/2021\/02\/Frauenlauf-2021-Produkte-1-quer-1200x675.png 1200w, https:\/\/sctf-events.de\/frauen-laufen-fuer-frauen\/wp-content\/uploads\/2021\/02\/Frauenlauf-2021-Produkte-1-quer.png 1366w\" sizes=\"(max-width: 1100px) 100vw, 1200px\" \/><\/span><\/div><\/div><\/div><div class=\"fusion-clearfix\"><\/div><\/div><\/div><div class=\"fusion-layout-column fusion_builder_column fusion-builder-column-4 fusion_builder_column_1_5 1_5 fusion-one-fifth fusion-column-last nobackgroundcolor\" style=\"--awb-bg-size:cover;width:20%;width:calc(20% - ( ( 4% ) * 0.2 ) );\"><div class=\"fusion-column-wrapper fusion-column-has-shadow fusion-flex-column-wrapper-legacy\"><div class=\"fusion-column-content-centered\"><div class=\"fusion-column-content\"><div class=\"fusion-title title fusion-title-2 fusion-title-text fusion-title-size-two\" style=\"--awb-margin-bottom:20px;--awb-margin-top-small:0px;--awb-margin-right-small:0px;--awb-margin-bottom-small:20px;--awb-margin-left-small:0px;\"><h2 class=\"fusion-title-heading title-heading-left fusion-responsive-typography-calculated\" style=\"margin:0;--fontSize:18;--minFontSize:18;line-height:1.5;\">Newsletter<\/h2><span class=\"awb-title-spacer\"><\/span><div class=\"title-sep-container\"><div class=\"title-sep sep- sep-solid\" style=\"border-color:#e0dede;\"><\/div><\/div><\/div><div style=\"background-color: rgba(255,255,255,0.8); padding: 10px;\">\n<p>Erhalte alle wichtigen Infos zu allen unseren Veranstaltungen!<\/p>\n\n<style type=\"text\/css\" scoped=\"scoped\">.fusion-button.button-19 .fusion-button-text, .fusion-button.button-19 i {color:rgba(191,105,148,0.81);}.fusion-button.button-19 {border-width:1px;border-color:rgba(191,105,148,0.81);}.fusion-button.button-19 .fusion-button-icon-divider{border-color:rgba(191,105,148,0.81);}.fusion-button.button-19:hover .fusion-button-text, .fusion-button.button-19:hover i,.fusion-button.button-19:focus .fusion-button-text, .fusion-button.button-19:focus i,.fusion-button.button-19:active .fusion-button-text, .fusion-button.button-19:active{color:#ffffff;}.fusion-button.button-19:hover, .fusion-button.button-19:focus, .fusion-button.button-19:active{border-width:1px;border-color:#ffffff;}.fusion-button.button-19:hover .fusion-button-icon-divider, .fusion-button.button-19:hover .fusion-button-icon-divider, .fusion-button.button-19:active .fusion-button-icon-divider{border-color:#ffffff;}.fusion-button.button-19{background: #ffffff;}.fusion-button.button-19:hover,.button-19:focus,.fusion-button.button-19:active{background: rgba(191,105,148,0.81);}.fusion-button.button-19{width:100%;}<\/style>\n<div class=\"form-group\">\n\t\t<label for=\"6602\">Vorname<\/label>\n\t\t<input type=\"text\" class=\"form-control\" name=\"6602\"\/>\n\t<\/div>\t\n<div class=\"form-group\">\n\t\t<label for=\"5432\">Nachname<\/label>\n\t\t<input type=\"text\" class=\"form-control\" name=\"5432\"\/>\n\t<\/div>\n<form class=\"nt\" action=\"https:\/\/www.newstroll.de\/app\/sub\/\" method=\"post\" target=\"subscribe\">\n<label class=\"left\" title=\"Bitte die E-Mail Adresse eingeben: [Alt] + e\" for=\"email\"><u>E<\/u>-Mail:<\/label>\n<input id=\"email\" accesskey=\"e\" class=\"nt_input\" title=\"Bitte die E-Mail Adresse eingeben: [Alt] + e\" name=\"email\" type=\"text\" \/>\n<input name=\"gruppe[]\" type=\"hidden\" value=\"70957\" \/>\n<button type=\"submit\" class=\"fusion-button button-flat fusion-button-square button-medium button-custom button-19\" name=\"optin\"><span class=\"fusion-button-text\">Anmelden<\/span><\/button>\n<\/form>\n<\/div><div class=\"fusion-sep-clear\"><\/div><div class=\"fusion-separator fusion-full-width-sep\" style=\"margin-left: auto;margin-right: auto;margin-top:10px;margin-bottom:10px;width:100%;\"><\/div><div class=\"fusion-sep-clear\"><\/div><\/div><\/div><div class=\"fusion-clearfix\"><\/div><\/div><\/div><\/div><\/div><div class=\"fusion-fullwidth fullwidth-box fusion-builder-row-5 nonhundred-percent-fullwidth non-hundred-percent-height-scrolling\" style=\"--awb-border-radius-top-left:0px;--awb-border-radius-top-right:0px;--awb-border-radius-bottom-right:0px;--awb-border-radius-bottom-left:0px;--awb-flex-wrap:wrap;\" ><div class=\"fusion-builder-row fusion-row\"><div class=\"fusion-layout-column fusion_builder_column fusion-builder-column-5 fusion_builder_column_1_1 1_1 fusion-one-full fusion-column-first fusion-column-last\" style=\"--awb-bg-size:cover;\"><div class=\"fusion-column-wrapper fusion-flex-column-wrapper-legacy\"><div class=\"fusion-title title fusion-title-3 fusion-title-text fusion-title-size-two\" style=\"--awb-margin-top-small:0px;--awb-margin-right-small:0px;--awb-margin-bottom-small:20px;--awb-margin-left-small:0px;\"><h2 class=\"fusion-title-heading title-heading-left fusion-responsive-typography-calculated\" style=\"margin:0;--fontSize:18;--minFontSize:18;line-height:1.5;\">Partner<\/h2><span class=\"awb-title-spacer\"><\/span><div class=\"title-sep-container\"><div class=\"title-sep sep- sep-solid\" style=\"border-color:#e0dede;\"><\/div><\/div><\/div><div class=\"fusion-image-carousel fusion-image-carousel-fixed fusion-image-carousel-1 fusion-carousel-border background-white\"><div class=\"awb-carousel awb-swiper awb-swiper-carousel awb-carousel--carousel awb-swiper-dots-position-bottom\" data-layout=\"carousel\" data-autoplay=\"yes\" data-autoplayspeed=\"2500\" data-autoplaypause=\"no\" data-columns=\"3\" data-columnsmedium=\"1\" data-columnssmall=\"1\" data-itemmargin=\"13\" data-itemwidth=\"180\" data-touchscroll=\"no\" data-freemode=\"no\" data-imagesize=\"fixed\" data-scrollitems=\"0\" data-centeredslides=\"no\" data-rotationangle=\"50\" data-depth=\"100\" data-speed=\"500\" data-shadow=\"no\" data-pagination=\"bullets\" style=\"--awb-columns:3;--awb-border-width:1px;--awb-border-color:#e9eaee;\"><div class=\"swiper-wrapper awb-image-carousel-wrapper fusion-flex-align-items-center\"><div class=\"swiper-slide\"><div class=\"fusion-carousel-item-wrapper\"><div class=\"fusion-image-wrapper hover-type-liftup\"><a href=\"https:\/\/ikkbb.de\" target=\"_blank\" rel=\"noopener noreferrer\"><\/a><\/div><\/div><\/div><div class=\"swiper-slide\"><div class=\"fusion-carousel-item-wrapper\"><div class=\"fusion-image-wrapper hover-type-liftup\"><a href=\"https:\/\/de.erdinger.de\/markenwelt\/alkoholfrei\/highlights.html\" target=\"_blank\" rel=\"noopener noreferrer\"><img decoding=\"async\" width=\"264\" height=\"119\" src=\"https:\/\/sctf-events.de\/frauen-laufen-fuer-frauen\/wp-content\/uploads\/2021\/02\/Erdingerblau.jpg\" class=\"attachment-portfolio-two size-portfolio-two\" alt=\"\" srcset=\"https:\/\/sctf-events.de\/frauen-laufen-fuer-frauen\/wp-content\/uploads\/2021\/02\/Erdingerblau-200x90.jpg 200w, https:\/\/sctf-events.de\/frauen-laufen-fuer-frauen\/wp-content\/uploads\/2021\/02\/Erdingerblau.jpg 264w\" sizes=\"(min-width: 2200px) 100vw, (min-width: 824px) 358px, (min-width: 732px) 537px, (min-width: 640px) 732px, \" \/><\/a><\/div><\/div><\/div><div class=\"swiper-slide\"><div class=\"fusion-carousel-item-wrapper\"><div class=\"fusion-image-wrapper hover-type-liftup\"><a href=\"https:\/\/artiva-sports.com\" target=\"_blank\" rel=\"noopener noreferrer\"><\/a><\/div><\/div><\/div><div class=\"swiper-slide\"><div class=\"fusion-carousel-item-wrapper\"><div class=\"fusion-image-wrapper hover-type-liftup\"><a href=\"https:\/\/aldi.de\/\" target=\"_blank\" rel=\"noopener noreferrer\"><\/a><\/div><\/div><\/div><div class=\"swiper-slide\"><div class=\"fusion-carousel-item-wrapper\"><div class=\"fusion-image-wrapper hover-type-liftup\"><a href=\"http:\/\/www.hauptstadtsport.tv\/\" target=\"_blank\" rel=\"noopener noreferrer\"><img decoding=\"async\" width=\"264\" height=\"100\" src=\"https:\/\/sctf-events.de\/frauen-laufen-fuer-frauen\/wp-content\/uploads\/2021\/02\/hauptstadtsporttv.jpg\" class=\"attachment-portfolio-two size-portfolio-two\" alt=\"\" srcset=\"https:\/\/sctf-events.de\/frauen-laufen-fuer-frauen\/wp-content\/uploads\/2021\/02\/hauptstadtsporttv-200x76.jpg 200w, https:\/\/sctf-events.de\/frauen-laufen-fuer-frauen\/wp-content\/uploads\/2021\/02\/hauptstadtsporttv.jpg 264w\" sizes=\"(min-width: 2200px) 100vw, (min-width: 824px) 358px, (min-width: 732px) 537px, (min-width: 640px) 732px, \" \/><\/a><\/div><\/div><\/div><div class=\"swiper-slide\"><div class=\"fusion-carousel-item-wrapper\"><div class=\"fusion-image-wrapper hover-type-liftup\"><a href=\"http:\/\/www.sandwich-catering-berlin.de\/\" target=\"_blank\" rel=\"noopener noreferrer\"><\/a><\/div><\/div><\/div><\/div><div class=\"awb-swiper-button awb-swiper-button-prev\"><i class=\"awb-icon-angle-left\" aria-hidden=\"true\"><\/i><\/div><div class=\"awb-swiper-button awb-swiper-button-next\"><i class=\"awb-icon-angle-right\" aria-hidden=\"true\"><\/i><\/div><\/div><\/div><div class=\"fusion-image-element fusion-image-align-center in-legacy-container\" style=\"text-align:center;--awb-liftup-border-radius:0px;--awb-caption-title-font-family:var(--h2_typography-font-family);--awb-caption-title-font-weight:var(--h2_typography-font-weight);--awb-caption-title-font-style:var(--h2_typography-font-style);--awb-caption-title-size:var(--h2_typography-font-size);--awb-caption-title-transform:var(--h2_typography-text-transform);--awb-caption-title-line-height:var(--h2_typography-line-height);--awb-caption-title-letter-spacing:var(--h2_typography-letter-spacing);\"><div class=\"imageframe-align-center\"><div class=\"awb-image-frame awb-image-frame-2 imageframe-liftup\" style=\"max-width:1280px;\"><span class=\" fusion-imageframe imageframe-none imageframe-2\"><a class=\"fusion-no-lightbox\" href=\"https:\/\/www.artiva-sports.com\/corona-shop\" target=\"_blank\" aria-label=\"DSC01072 (2)\" rel=\"noopener noreferrer\"><img decoding=\"async\" width=\"2242\" height=\"2368\" alt=\"Corona Gesichtsmasken hier kaufen\" src=\"https:\/\/sctf-events.de\/virtualrun\/wp-content\/uploads\/2020\/04\/Slider_Maske_2020-4-scaled.jpg\" class=\"img-responsive wp-image-23\"\/><\/a><\/span><\/div><\/div><\/div><div class=\"fusion-text fusion-text-2\"><p style=\"text-align: center;\"><a href=\"https:\/\/www.artiva-sports.com\/corona-shop\">Corona Gesichtsmasken hier kaufen <\/a><\/p>\n<\/div><div class=\"fusion-clearfix\"><\/div><\/div><\/div><\/div><\/div><\/p>\n","protected":false},"excerpt":{"rendered":"","protected":false},"author":8,"featured_media":0,"parent":0,"menu_order":0,"comment_status":"closed","ping_status":"closed","template":"","meta":{"footnotes":""},"class_list":["post-6","page","type-page","status-publish","hentry"],"yoast_head":"<!-- This site is optimized with the Yoast SEO plugin v27.3 - https:\/\/yoast.com\/product\/yoast-seo-wordpress\/ -->\n<title>Home - Virtueller Frauenlauf - Frauen laufen f\u00fcr Frauen<\/title>\n<meta name=\"robots\" content=\"index, follow, max-snippet:-1, max-image-preview:large, max-video-preview:-1\" \/>\n<link rel=\"canonical\" href=\"https:\/\/sctf-events.de\/frauen-laufen-fuer-frauen\/\" \/>\n<meta property=\"og:locale\" content=\"de_DE\" \/>\n<meta property=\"og:type\" content=\"article\" \/>\n<meta property=\"og:title\" content=\"Home - Virtueller Frauenlauf - Frauen laufen f\u00fcr Frauen\" \/>\n<meta property=\"og:url\" content=\"https:\/\/sctf-events.de\/frauen-laufen-fuer-frauen\/\" \/>\n<meta property=\"og:site_name\" content=\"Virtueller Frauenlauf - Frauen laufen f\u00fcr Frauen\" \/>\n<meta property=\"article:modified_time\" content=\"2021-04-23T11:38:49+00:00\" \/>\n<meta name=\"twitter:card\" content=\"summary_large_image\" \/>\n<meta name=\"twitter:label1\" content=\"Gesch\u00e4tzte Lesezeit\" \/>\n\t<meta name=\"twitter:data1\" content=\"21\u00a0Minuten\" \/>\n<script type=\"application\/ld+json\" class=\"yoast-schema-graph\">{\"@context\":\"https:\\\/\\\/schema.org\",\"@graph\":[{\"@type\":\"WebPage\",\"@id\":\"https:\\\/\\\/sctf-events.de\\\/frauen-laufen-fuer-frauen\\\/\",\"url\":\"https:\\\/\\\/sctf-events.de\\\/frauen-laufen-fuer-frauen\\\/\",\"name\":\"Home - Virtueller Frauenlauf - Frauen laufen f\u00fcr Frauen\",\"isPartOf\":{\"@id\":\"https:\\\/\\\/sctf-events.de\\\/frauen-laufen-fuer-frauen\\\/#website\"},\"datePublished\":\"2021-02-02T13:08:09+00:00\",\"dateModified\":\"2021-04-23T11:38:49+00:00\",\"breadcrumb\":{\"@id\":\"https:\\\/\\\/sctf-events.de\\\/frauen-laufen-fuer-frauen\\\/#breadcrumb\"},\"inLanguage\":\"de\",\"potentialAction\":[{\"@type\":\"ReadAction\",\"target\":[\"https:\\\/\\\/sctf-events.de\\\/frauen-laufen-fuer-frauen\\\/\"]}]},{\"@type\":\"BreadcrumbList\",\"@id\":\"https:\\\/\\\/sctf-events.de\\\/frauen-laufen-fuer-frauen\\\/#breadcrumb\",\"itemListElement\":[{\"@type\":\"ListItem\",\"position\":1,\"name\":\"Startseite\",\"item\":\"https:\\\/\\\/sctf-events.de\\\/frauen-laufen-fuer-frauen\\\/\"},{\"@type\":\"ListItem\",\"position\":2,\"name\":\"Home\"}]},{\"@type\":\"WebSite\",\"@id\":\"https:\\\/\\\/sctf-events.de\\\/frauen-laufen-fuer-frauen\\\/#website\",\"url\":\"https:\\\/\\\/sctf-events.de\\\/frauen-laufen-fuer-frauen\\\/\",\"name\":\"Virtueller Frauenlauf - Frauen laufen f\u00fcr Frauen\",\"description\":\"Der virtuelle Frauenlauf! Frauen laufen f\u00fcr Frauen\",\"potentialAction\":[{\"@type\":\"SearchAction\",\"target\":{\"@type\":\"EntryPoint\",\"urlTemplate\":\"https:\\\/\\\/sctf-events.de\\\/frauen-laufen-fuer-frauen\\\/?s={search_term_string}\"},\"query-input\":{\"@type\":\"PropertyValueSpecification\",\"valueRequired\":true,\"valueName\":\"search_term_string\"}}],\"inLanguage\":\"de\"}]}<\/script>\n<!-- \/ Yoast SEO plugin. -->","yoast_head_json":{"title":"Home - Virtueller Frauenlauf - Frauen laufen f\u00fcr Frauen","robots":{"index":"index","follow":"follow","max-snippet":"max-snippet:-1","max-image-preview":"max-image-preview:large","max-video-preview":"max-video-preview:-1"},"canonical":"https:\/\/sctf-events.de\/frauen-laufen-fuer-frauen\/","og_locale":"de_DE","og_type":"article","og_title":"Home - Virtueller Frauenlauf - Frauen laufen f\u00fcr Frauen","og_url":"https:\/\/sctf-events.de\/frauen-laufen-fuer-frauen\/","og_site_name":"Virtueller Frauenlauf - Frauen laufen f\u00fcr Frauen","article_modified_time":"2021-04-23T11:38:49+00:00","twitter_card":"summary_large_image","twitter_misc":{"Gesch\u00e4tzte Lesezeit":"21\u00a0Minuten"},"schema":{"@context":"https:\/\/schema.org","@graph":[{"@type":"WebPage","@id":"https:\/\/sctf-events.de\/frauen-laufen-fuer-frauen\/","url":"https:\/\/sctf-events.de\/frauen-laufen-fuer-frauen\/","name":"Home - Virtueller Frauenlauf - Frauen laufen f\u00fcr Frauen","isPartOf":{"@id":"https:\/\/sctf-events.de\/frauen-laufen-fuer-frauen\/#website"},"datePublished":"2021-02-02T13:08:09+00:00","dateModified":"2021-04-23T11:38:49+00:00","breadcrumb":{"@id":"https:\/\/sctf-events.de\/frauen-laufen-fuer-frauen\/#breadcrumb"},"inLanguage":"de","potentialAction":[{"@type":"ReadAction","target":["https:\/\/sctf-events.de\/frauen-laufen-fuer-frauen\/"]}]},{"@type":"BreadcrumbList","@id":"https:\/\/sctf-events.de\/frauen-laufen-fuer-frauen\/#breadcrumb","itemListElement":[{"@type":"ListItem","position":1,"name":"Startseite","item":"https:\/\/sctf-events.de\/frauen-laufen-fuer-frauen\/"},{"@type":"ListItem","position":2,"name":"Home"}]},{"@type":"WebSite","@id":"https:\/\/sctf-events.de\/frauen-laufen-fuer-frauen\/#website","url":"https:\/\/sctf-events.de\/frauen-laufen-fuer-frauen\/","name":"Virtueller Frauenlauf - Frauen laufen f\u00fcr Frauen","description":"Der virtuelle Frauenlauf! Frauen laufen f\u00fcr Frauen","potentialAction":[{"@type":"SearchAction","target":{"@type":"EntryPoint","urlTemplate":"https:\/\/sctf-events.de\/frauen-laufen-fuer-frauen\/?s={search_term_string}"},"query-input":{"@type":"PropertyValueSpecification","valueRequired":true,"valueName":"search_term_string"}}],"inLanguage":"de"}]}},"_links":{"self":[{"href":"https:\/\/sctf-events.de\/frauen-laufen-fuer-frauen\/wp-json\/wp\/v2\/pages\/6","targetHints":{"allow":["GET"]}}],"collection":[{"href":"https:\/\/sctf-events.de\/frauen-laufen-fuer-frauen\/wp-json\/wp\/v2\/pages"}],"about":[{"href":"https:\/\/sctf-events.de\/frauen-laufen-fuer-frauen\/wp-json\/wp\/v2\/types\/page"}],"author":[{"embeddable":true,"href":"https:\/\/sctf-events.de\/frauen-laufen-fuer-frauen\/wp-json\/wp\/v2\/users\/8"}],"replies":[{"embeddable":true,"href":"https:\/\/sctf-events.de\/frauen-laufen-fuer-frauen\/wp-json\/wp\/v2\/comments?post=6"}],"version-history":[{"count":19,"href":"https:\/\/sctf-events.de\/frauen-laufen-fuer-frauen\/wp-json\/wp\/v2\/pages\/6\/revisions"}],"predecessor-version":[{"id":109,"href":"https:\/\/sctf-events.de\/frauen-laufen-fuer-frauen\/wp-json\/wp\/v2\/pages\/6\/revisions\/109"}],"wp:attachment":[{"href":"https:\/\/sctf-events.de\/frauen-laufen-fuer-frauen\/wp-json\/wp\/v2\/media?parent=6"}],"curies":[{"name":"wp","href":"https:\/\/api.w.org\/{rel}","templated":true}]}}